{"id":2450,"date":"2023-04-12T12:16:06","date_gmt":"2023-04-12T09:16:06","guid":{"rendered":"https:\/\/www.valkoinenkreivitar.fi\/content\/?post_type=product&#038;p=2450"},"modified":"2024-09-27T22:22:42","modified_gmt":"2024-09-27T19:22:42","slug":"aigletit","status":"publish","type":"product","link":"https:\/\/www.valkoinenkreivitar.fi\/content\/?product=aigletit","title":{"rendered":"Aigletit, erilaisia"},"content":{"rendered":"<p>Aigletit, eli ny\u00f6rien metallip\u00e4\u00e4t. Myyd\u00e4\u00e4n pareittain.<\/p>\n<p>&nbsp;<\/p>\n<p><img loading=\"lazy\" decoding=\"async\" class=\"alignleft size-medium wp-image-2440\" src=\"http:\/\/www.valkoinenkreivitar.fi\/content\/wp-content\/uploads\/2023\/04\/IMG_8072-300x123.jpg\" alt=\"\" width=\"300\" height=\"123\" srcset=\"https:\/\/www.valkoinenkreivitar.fi\/content\/wp-content\/uploads\/2023\/04\/IMG_8072-300x123.jpg 300w, https:\/\/www.valkoinenkreivitar.fi\/content\/wp-content\/uploads\/2023\/04\/IMG_8072-450x184.jpg 450w, https:\/\/www.valkoinenkreivitar.fi\/content\/wp-content\/uploads\/2023\/04\/IMG_8072-1024x418.jpg 1024w, https:\/\/www.valkoinenkreivitar.fi\/content\/wp-content\/uploads\/2023\/04\/IMG_8072-768x314.jpg 768w, https:\/\/www.valkoinenkreivitar.fi\/content\/wp-content\/uploads\/2023\/04\/IMG_8072-600x245.jpg 600w, https:\/\/www.valkoinenkreivitar.fi\/content\/wp-content\/uploads\/2023\/04\/IMG_8072-50x20.jpg 50w, https:\/\/www.valkoinenkreivitar.fi\/content\/wp-content\/uploads\/2023\/04\/IMG_8072.jpg 1280w\" sizes=\"auto, (max-width: 300px) 100vw, 300px\" \/> <img loading=\"lazy\" decoding=\"async\" class=\"alignleft size-medium wp-image-2439\" src=\"http:\/\/www.valkoinenkreivitar.fi\/content\/wp-content\/uploads\/2023\/04\/IMG_8071-300x120.jpg\" alt=\"\" width=\"300\" height=\"120\" srcset=\"https:\/\/www.valkoinenkreivitar.fi\/content\/wp-content\/uploads\/2023\/04\/IMG_8071-300x120.jpg 300w, https:\/\/www.valkoinenkreivitar.fi\/content\/wp-content\/uploads\/2023\/04\/IMG_8071-450x180.jpg 450w, https:\/\/www.valkoinenkreivitar.fi\/content\/wp-content\/uploads\/2023\/04\/IMG_8071-1024x410.jpg 1024w, https:\/\/www.valkoinenkreivitar.fi\/content\/wp-content\/uploads\/2023\/04\/IMG_8071-768x308.jpg 768w, https:\/\/www.valkoinenkreivitar.fi\/content\/wp-content\/uploads\/2023\/04\/IMG_8071-600x240.jpg 600w, https:\/\/www.valkoinenkreivitar.fi\/content\/wp-content\/uploads\/2023\/04\/IMG_8071-50x20.jpg 50w, https:\/\/www.valkoinenkreivitar.fi\/content\/wp-content\/uploads\/2023\/04\/IMG_8071.jpg 1280w\" sizes=\"auto, (max-width: 300px) 100vw, 300px\" \/> <img loading=\"lazy\" decoding=\"async\" class=\"alignleft size-medium wp-image-2438\" src=\"http:\/\/www.valkoinenkreivitar.fi\/content\/wp-content\/uploads\/2023\/04\/IMG_8070-300x88.jpg\" alt=\"\" width=\"300\" height=\"88\" srcset=\"https:\/\/www.valkoinenkreivitar.fi\/content\/wp-content\/uploads\/2023\/04\/IMG_8070-300x88.jpg 300w, https:\/\/www.valkoinenkreivitar.fi\/content\/wp-content\/uploads\/2023\/04\/IMG_8070-450x132.jpg 450w, https:\/\/www.valkoinenkreivitar.fi\/content\/wp-content\/uploads\/2023\/04\/IMG_8070-1024x300.jpg 1024w, https:\/\/www.valkoinenkreivitar.fi\/content\/wp-content\/uploads\/2023\/04\/IMG_8070-768x225.jpg 768w, https:\/\/www.valkoinenkreivitar.fi\/content\/wp-content\/uploads\/2023\/04\/IMG_8070-600x176.jpg 600w, https:\/\/www.valkoinenkreivitar.fi\/content\/wp-content\/uploads\/2023\/04\/IMG_8070-50x15.jpg 50w, https:\/\/www.valkoinenkreivitar.fi\/content\/wp-content\/uploads\/2023\/04\/IMG_8070.jpg 1512w\" sizes=\"auto, (max-width: 300px) 100vw, 300px\" \/> <img loading=\"lazy\" decoding=\"async\" class=\"alignleft size-medium wp-image-2437\" src=\"http:\/\/www.valkoinenkreivitar.fi\/content\/wp-content\/uploads\/2023\/04\/IMG_8069-300x85.jpg\" alt=\"\" width=\"300\" height=\"85\" srcset=\"https:\/\/www.valkoinenkreivitar.fi\/content\/wp-content\/uploads\/2023\/04\/IMG_8069-300x85.jpg 300w, https:\/\/www.valkoinenkreivitar.fi\/content\/wp-content\/uploads\/2023\/04\/IMG_8069-450x127.jpg 450w, https:\/\/www.valkoinenkreivitar.fi\/content\/wp-content\/uploads\/2023\/04\/IMG_8069-1024x289.jpg 1024w, https:\/\/www.valkoinenkreivitar.fi\/content\/wp-content\/uploads\/2023\/04\/IMG_8069-768x217.jpg 768w, https:\/\/www.valkoinenkreivitar.fi\/content\/wp-content\/uploads\/2023\/04\/IMG_8069-600x169.jpg 600w, https:\/\/www.valkoinenkreivitar.fi\/content\/wp-content\/uploads\/2023\/04\/IMG_8069-50x14.jpg 50w, https:\/\/www.valkoinenkreivitar.fi\/content\/wp-content\/uploads\/2023\/04\/IMG_8069.jpg 1512w\" sizes=\"auto, (max-width: 300px) 100vw, 300px\" \/> <img loading=\"lazy\" decoding=\"async\" class=\"alignleft size-medium wp-image-2436\" src=\"http:\/\/www.valkoinenkreivitar.fi\/content\/wp-content\/uploads\/2023\/04\/IMG_8068-300x113.jpg\" alt=\"\" width=\"300\" height=\"113\" srcset=\"https:\/\/www.valkoinenkreivitar.fi\/content\/wp-content\/uploads\/2023\/04\/IMG_8068-300x113.jpg 300w, https:\/\/www.valkoinenkreivitar.fi\/content\/wp-content\/uploads\/2023\/04\/IMG_8068-450x169.jpg 450w, https:\/\/www.valkoinenkreivitar.fi\/content\/wp-content\/uploads\/2023\/04\/IMG_8068-1024x385.jpg 1024w, https:\/\/www.valkoinenkreivitar.fi\/content\/wp-content\/uploads\/2023\/04\/IMG_8068-768x289.jpg 768w, https:\/\/www.valkoinenkreivitar.fi\/content\/wp-content\/uploads\/2023\/04\/IMG_8068-600x226.jpg 600w, https:\/\/www.valkoinenkreivitar.fi\/content\/wp-content\/uploads\/2023\/04\/IMG_8068-50x19.jpg 50w, https:\/\/www.valkoinenkreivitar.fi\/content\/wp-content\/uploads\/2023\/04\/IMG_8068.jpg 1512w\" sizes=\"auto, (max-width: 300px) 100vw, 300px\" \/><\/p>\n","protected":false},"excerpt":{"rendered":"<p>Aigletit, eli ny\u00f6rien metallip\u00e4\u00e4t. Myyd\u00e4\u00e4n pareittain. &nbsp;<\/p>\n","protected":false},"featured_media":2440,"template":"","meta":[],"product_brand":[],"product_cat":[79],"product_tag":[],"class_list":{"0":"post-2450","1":"product","2":"type-product","3":"status-publish","4":"has-post-thumbnail","6":"product_cat-korsettitarvikkeet","8":"first","9":"instock","10":"taxable","11":"shipping-taxable","12":"purchasable","13":"product-type-variable"},"_links":{"self":[{"href":"https:\/\/www.valkoinenkreivitar.fi\/content\/index.php?rest_route=\/wp\/v2\/product\/2450","targetHints":{"allow":["GET"]}}],"collection":[{"href":"https:\/\/www.valkoinenkreivitar.fi\/content\/index.php?rest_route=\/wp\/v2\/product"}],"about":[{"href":"https:\/\/www.valkoinenkreivitar.fi\/content\/index.php?rest_route=\/wp\/v2\/types\/product"}],"wp:featuredmedia":[{"embeddable":true,"href":"https:\/\/www.valkoinenkreivitar.fi\/content\/index.php?rest_route=\/wp\/v2\/media\/2440"}],"wp:attachment":[{"href":"https:\/\/www.valkoinenkreivitar.fi\/content\/index.php?rest_route=%2Fwp%2Fv2%2Fmedia&parent=2450"}],"wp:term":[{"taxonomy":"product_brand","embeddable":true,"href":"https:\/\/www.valkoinenkreivitar.fi\/content\/index.php?rest_route=%2Fwp%2Fv2%2Fproduct_brand&post=2450"},{"taxonomy":"product_cat","embeddable":true,"href":"https:\/\/www.valkoinenkreivitar.fi\/content\/index.php?rest_route=%2Fwp%2Fv2%2Fproduct_cat&post=2450"},{"taxonomy":"product_tag","embeddable":true,"href":"https:\/\/www.valkoinenkreivitar.fi\/content\/index.php?rest_route=%2Fwp%2Fv2%2Fproduct_tag&post=2450"}],"curies":[{"name":"wp","href":"https:\/\/api.w.org\/{rel}","templated":true}]}}