{"id":2299,"date":"2022-05-25T13:13:25","date_gmt":"2022-05-25T10:13:25","guid":{"rendered":"https:\/\/www.valkoinenkreivitar.fi\/content\/?post_type=product&#038;p=2299"},"modified":"2022-05-25T13:13:25","modified_gmt":"2022-05-25T10:13:25","slug":"korsetticoutil-luonnonvalkoinen","status":"publish","type":"product","link":"https:\/\/www.valkoinenkreivitar.fi\/content\/?product=korsetticoutil-luonnonvalkoinen","title":{"rendered":"Korsetticoutil, luonnonvalkoinen"},"content":{"rendered":"<p>Coutilkangas, puuvilla. V\u00e4ri valkaisematon puuvilla, hieman beige, voidaan v\u00e4rj\u00e4t\u00e4. Kalanruotokude. Leveys 159 cm. Myyd\u00e4\u00e4n 10 cm yksik\u00f6iss\u00e4, tilataksesi metrin tilaa 10 kpl. Metrihinta 49eur.<\/p>\n<p>Coutil on nimenomaan korsetteihin tehty ohut, mutta j\u00e4m\u00e4kk\u00e4 kangas.<\/p>\n<p><img loading=\"lazy\" decoding=\"async\" class=\"alignleft size-medium wp-image-2295\" src=\"http:\/\/www.valkoinenkreivitar.fi\/content\/wp-content\/uploads\/2022\/05\/IMG_4118-225x300.jpg\" alt=\"\" width=\"225\" height=\"300\" srcset=\"https:\/\/www.valkoinenkreivitar.fi\/content\/wp-content\/uploads\/2022\/05\/IMG_4118-225x300.jpg 225w, https:\/\/www.valkoinenkreivitar.fi\/content\/wp-content\/uploads\/2022\/05\/IMG_4118-rotated-450x600.jpg 450w, https:\/\/www.valkoinenkreivitar.fi\/content\/wp-content\/uploads\/2022\/05\/IMG_4118-768x1024.jpg 768w, https:\/\/www.valkoinenkreivitar.fi\/content\/wp-content\/uploads\/2022\/05\/IMG_4118-1152x1536.jpg 1152w, https:\/\/www.valkoinenkreivitar.fi\/content\/wp-content\/uploads\/2022\/05\/IMG_4118-600x800.jpg 600w, https:\/\/www.valkoinenkreivitar.fi\/content\/wp-content\/uploads\/2022\/05\/IMG_4118-38x50.jpg 38w, https:\/\/www.valkoinenkreivitar.fi\/content\/wp-content\/uploads\/2022\/05\/IMG_4118-rotated.jpg 1512w\" sizes=\"auto, (max-width: 225px) 100vw, 225px\" \/> <img loading=\"lazy\" decoding=\"async\" class=\"alignleft size-medium wp-image-2294\" src=\"http:\/\/www.valkoinenkreivitar.fi\/content\/wp-content\/uploads\/2022\/05\/IMG_4117-300x225.jpg\" alt=\"\" width=\"300\" height=\"225\" srcset=\"https:\/\/www.valkoinenkreivitar.fi\/content\/wp-content\/uploads\/2022\/05\/IMG_4117-300x225.jpg 300w, https:\/\/www.valkoinenkreivitar.fi\/content\/wp-content\/uploads\/2022\/05\/IMG_4117-450x338.jpg 450w, https:\/\/www.valkoinenkreivitar.fi\/content\/wp-content\/uploads\/2022\/05\/IMG_4117-1024x768.jpg 1024w, https:\/\/www.valkoinenkreivitar.fi\/content\/wp-content\/uploads\/2022\/05\/IMG_4117-768x576.jpg 768w, https:\/\/www.valkoinenkreivitar.fi\/content\/wp-content\/uploads\/2022\/05\/IMG_4117-1536x1152.jpg 1536w, https:\/\/www.valkoinenkreivitar.fi\/content\/wp-content\/uploads\/2022\/05\/IMG_4117-600x450.jpg 600w, https:\/\/www.valkoinenkreivitar.fi\/content\/wp-content\/uploads\/2022\/05\/IMG_4117-50x38.jpg 50w, https:\/\/www.valkoinenkreivitar.fi\/content\/wp-content\/uploads\/2022\/05\/IMG_4117.jpg 2016w\" sizes=\"auto, (max-width: 300px) 100vw, 300px\" \/> <img loading=\"lazy\" decoding=\"async\" class=\"alignleft size-medium wp-image-2293\" src=\"http:\/\/www.valkoinenkreivitar.fi\/content\/wp-content\/uploads\/2022\/05\/IMG_4116-300x225.jpg\" alt=\"\" width=\"300\" height=\"225\" srcset=\"https:\/\/www.valkoinenkreivitar.fi\/content\/wp-content\/uploads\/2022\/05\/IMG_4116-300x225.jpg 300w, https:\/\/www.valkoinenkreivitar.fi\/content\/wp-content\/uploads\/2022\/05\/IMG_4116-450x338.jpg 450w, https:\/\/www.valkoinenkreivitar.fi\/content\/wp-content\/uploads\/2022\/05\/IMG_4116-1024x768.jpg 1024w, https:\/\/www.valkoinenkreivitar.fi\/content\/wp-content\/uploads\/2022\/05\/IMG_4116-768x576.jpg 768w, https:\/\/www.valkoinenkreivitar.fi\/content\/wp-content\/uploads\/2022\/05\/IMG_4116-1536x1152.jpg 1536w, https:\/\/www.valkoinenkreivitar.fi\/content\/wp-content\/uploads\/2022\/05\/IMG_4116-600x450.jpg 600w, https:\/\/www.valkoinenkreivitar.fi\/content\/wp-content\/uploads\/2022\/05\/IMG_4116-50x38.jpg 50w, https:\/\/www.valkoinenkreivitar.fi\/content\/wp-content\/uploads\/2022\/05\/IMG_4116.jpg 2016w\" sizes=\"auto, (max-width: 300px) 100vw, 300px\" \/><\/p>\n","protected":false},"excerpt":{"rendered":"<p>Coutilkangas, puuvilla. V\u00e4ri valkaisematon puuvilla, hieman beige, voidaan v\u00e4rj\u00e4t\u00e4. Kalanruotokude. Leveys 159 cm. Myyd\u00e4\u00e4n 10 cm yksik\u00f6iss\u00e4, tilataksesi metrin tilaa 10 kpl. Metrihinta 49eur. Coutil on nimenomaan korsetteihin tehty ohut, mutta j\u00e4m\u00e4kk\u00e4 kangas.<\/p>\n","protected":false},"featured_media":2294,"template":"","meta":[],"product_brand":[],"product_cat":[79],"product_tag":[],"class_list":{"0":"post-2299","1":"product","2":"type-product","3":"status-publish","4":"has-post-thumbnail","6":"product_cat-korsettitarvikkeet","8":"first","9":"instock","10":"taxable","11":"shipping-taxable","12":"purchasable","13":"product-type-simple"},"_links":{"self":[{"href":"https:\/\/www.valkoinenkreivitar.fi\/content\/index.php?rest_route=\/wp\/v2\/product\/2299","targetHints":{"allow":["GET"]}}],"collection":[{"href":"https:\/\/www.valkoinenkreivitar.fi\/content\/index.php?rest_route=\/wp\/v2\/product"}],"about":[{"href":"https:\/\/www.valkoinenkreivitar.fi\/content\/index.php?rest_route=\/wp\/v2\/types\/product"}],"wp:featuredmedia":[{"embeddable":true,"href":"https:\/\/www.valkoinenkreivitar.fi\/content\/index.php?rest_route=\/wp\/v2\/media\/2294"}],"wp:attachment":[{"href":"https:\/\/www.valkoinenkreivitar.fi\/content\/index.php?rest_route=%2Fwp%2Fv2%2Fmedia&parent=2299"}],"wp:term":[{"taxonomy":"product_brand","embeddable":true,"href":"https:\/\/www.valkoinenkreivitar.fi\/content\/index.php?rest_route=%2Fwp%2Fv2%2Fproduct_brand&post=2299"},{"taxonomy":"product_cat","embeddable":true,"href":"https:\/\/www.valkoinenkreivitar.fi\/content\/index.php?rest_route=%2Fwp%2Fv2%2Fproduct_cat&post=2299"},{"taxonomy":"product_tag","embeddable":true,"href":"https:\/\/www.valkoinenkreivitar.fi\/content\/index.php?rest_route=%2Fwp%2Fv2%2Fproduct_tag&post=2299"}],"curies":[{"name":"wp","href":"https:\/\/api.w.org\/{rel}","templated":true}]}}