{"id":2289,"date":"2022-05-25T10:54:00","date_gmt":"2022-05-25T07:54:00","guid":{"rendered":"https:\/\/www.valkoinenkreivitar.fi\/content\/?post_type=product&#038;p=2289"},"modified":"2022-05-25T10:54:00","modified_gmt":"2022-05-25T07:54:00","slug":"korsetticoutil-valkoinen","status":"publish","type":"product","link":"https:\/\/www.valkoinenkreivitar.fi\/content\/?product=korsetticoutil-valkoinen","title":{"rendered":"Korsetticoutil, valkoinen"},"content":{"rendered":"<p>Coutilkangas, kalanruotokude, valkoinen, puuvilla. Leveys 159 cm. Myyntiyksikk\u00f6 10 cm, tilataksesi metrin, osta 10 kpl. Metrihinta 49eur.<\/p>\n<p>Kalanruotocoutil on korsetteihin sopiva ohut, j\u00e4m\u00e4kk\u00e4 vuorikangas. Voi my\u00f6s v\u00e4rj\u00e4t\u00e4.<\/p>\n<p><img loading=\"lazy\" decoding=\"async\" class=\"alignleft size-medium wp-image-2290\" src=\"http:\/\/www.valkoinenkreivitar.fi\/content\/wp-content\/uploads\/2022\/05\/IMG_4113-300x225.jpg\" alt=\"\" width=\"300\" height=\"225\" srcset=\"https:\/\/www.valkoinenkreivitar.fi\/content\/wp-content\/uploads\/2022\/05\/IMG_4113-300x225.jpg 300w, https:\/\/www.valkoinenkreivitar.fi\/content\/wp-content\/uploads\/2022\/05\/IMG_4113-450x338.jpg 450w, https:\/\/www.valkoinenkreivitar.fi\/content\/wp-content\/uploads\/2022\/05\/IMG_4113-1024x768.jpg 1024w, https:\/\/www.valkoinenkreivitar.fi\/content\/wp-content\/uploads\/2022\/05\/IMG_4113-768x576.jpg 768w, https:\/\/www.valkoinenkreivitar.fi\/content\/wp-content\/uploads\/2022\/05\/IMG_4113-1536x1152.jpg 1536w, https:\/\/www.valkoinenkreivitar.fi\/content\/wp-content\/uploads\/2022\/05\/IMG_4113-600x450.jpg 600w, https:\/\/www.valkoinenkreivitar.fi\/content\/wp-content\/uploads\/2022\/05\/IMG_4113-50x38.jpg 50w, https:\/\/www.valkoinenkreivitar.fi\/content\/wp-content\/uploads\/2022\/05\/IMG_4113.jpg 2016w\" sizes=\"auto, (max-width: 300px) 100vw, 300px\" \/> <img loading=\"lazy\" decoding=\"async\" class=\"alignleft size-medium wp-image-2291\" src=\"http:\/\/www.valkoinenkreivitar.fi\/content\/wp-content\/uploads\/2022\/05\/IMG_4114-300x225.jpg\" alt=\"\" width=\"300\" height=\"225\" srcset=\"https:\/\/www.valkoinenkreivitar.fi\/content\/wp-content\/uploads\/2022\/05\/IMG_4114-300x225.jpg 300w, https:\/\/www.valkoinenkreivitar.fi\/content\/wp-content\/uploads\/2022\/05\/IMG_4114-450x338.jpg 450w, https:\/\/www.valkoinenkreivitar.fi\/content\/wp-content\/uploads\/2022\/05\/IMG_4114-1024x768.jpg 1024w, https:\/\/www.valkoinenkreivitar.fi\/content\/wp-content\/uploads\/2022\/05\/IMG_4114-768x576.jpg 768w, https:\/\/www.valkoinenkreivitar.fi\/content\/wp-content\/uploads\/2022\/05\/IMG_4114-1536x1152.jpg 1536w, https:\/\/www.valkoinenkreivitar.fi\/content\/wp-content\/uploads\/2022\/05\/IMG_4114-600x450.jpg 600w, https:\/\/www.valkoinenkreivitar.fi\/content\/wp-content\/uploads\/2022\/05\/IMG_4114-50x38.jpg 50w, https:\/\/www.valkoinenkreivitar.fi\/content\/wp-content\/uploads\/2022\/05\/IMG_4114.jpg 2016w\" sizes=\"auto, (max-width: 300px) 100vw, 300px\" \/> <img loading=\"lazy\" decoding=\"async\" class=\"alignleft size-medium wp-image-2292\" src=\"http:\/\/www.valkoinenkreivitar.fi\/content\/wp-content\/uploads\/2022\/05\/IMG_4115-225x300.jpg\" alt=\"\" width=\"225\" height=\"300\" srcset=\"https:\/\/www.valkoinenkreivitar.fi\/content\/wp-content\/uploads\/2022\/05\/IMG_4115-225x300.jpg 225w, https:\/\/www.valkoinenkreivitar.fi\/content\/wp-content\/uploads\/2022\/05\/IMG_4115-rotated-450x600.jpg 450w, https:\/\/www.valkoinenkreivitar.fi\/content\/wp-content\/uploads\/2022\/05\/IMG_4115-768x1024.jpg 768w, https:\/\/www.valkoinenkreivitar.fi\/content\/wp-content\/uploads\/2022\/05\/IMG_4115-1152x1536.jpg 1152w, https:\/\/www.valkoinenkreivitar.fi\/content\/wp-content\/uploads\/2022\/05\/IMG_4115-600x800.jpg 600w, https:\/\/www.valkoinenkreivitar.fi\/content\/wp-content\/uploads\/2022\/05\/IMG_4115-38x50.jpg 38w, https:\/\/www.valkoinenkreivitar.fi\/content\/wp-content\/uploads\/2022\/05\/IMG_4115-rotated.jpg 1512w\" sizes=\"auto, (max-width: 225px) 100vw, 225px\" \/><\/p>\n","protected":false},"excerpt":{"rendered":"<p>Coutilkangas, kalanruotokude, valkoinen, puuvilla. Leveys 159 cm. Myyntiyksikk\u00f6 10 cm, tilataksesi metrin, osta 10 kpl. Metrihinta 49eur. Kalanruotocoutil on korsetteihin sopiva ohut, j\u00e4m\u00e4kk\u00e4 vuorikangas. Voi my\u00f6s v\u00e4rj\u00e4t\u00e4.<\/p>\n","protected":false},"featured_media":2291,"template":"","meta":[],"product_brand":[],"product_cat":[79],"product_tag":[],"class_list":{"0":"post-2289","1":"product","2":"type-product","3":"status-publish","4":"has-post-thumbnail","6":"product_cat-korsettitarvikkeet","8":"first","9":"instock","10":"taxable","11":"shipping-taxable","12":"purchasable","13":"product-type-simple"},"_links":{"self":[{"href":"https:\/\/www.valkoinenkreivitar.fi\/content\/index.php?rest_route=\/wp\/v2\/product\/2289","targetHints":{"allow":["GET"]}}],"collection":[{"href":"https:\/\/www.valkoinenkreivitar.fi\/content\/index.php?rest_route=\/wp\/v2\/product"}],"about":[{"href":"https:\/\/www.valkoinenkreivitar.fi\/content\/index.php?rest_route=\/wp\/v2\/types\/product"}],"wp:featuredmedia":[{"embeddable":true,"href":"https:\/\/www.valkoinenkreivitar.fi\/content\/index.php?rest_route=\/wp\/v2\/media\/2291"}],"wp:attachment":[{"href":"https:\/\/www.valkoinenkreivitar.fi\/content\/index.php?rest_route=%2Fwp%2Fv2%2Fmedia&parent=2289"}],"wp:term":[{"taxonomy":"product_brand","embeddable":true,"href":"https:\/\/www.valkoinenkreivitar.fi\/content\/index.php?rest_route=%2Fwp%2Fv2%2Fproduct_brand&post=2289"},{"taxonomy":"product_cat","embeddable":true,"href":"https:\/\/www.valkoinenkreivitar.fi\/content\/index.php?rest_route=%2Fwp%2Fv2%2Fproduct_cat&post=2289"},{"taxonomy":"product_tag","embeddable":true,"href":"https:\/\/www.valkoinenkreivitar.fi\/content\/index.php?rest_route=%2Fwp%2Fv2%2Fproduct_tag&post=2289"}],"curies":[{"name":"wp","href":"https:\/\/api.w.org\/{rel}","templated":true}]}}