{"id":2277,"date":"2022-05-25T10:47:28","date_gmt":"2022-05-25T07:47:28","guid":{"rendered":"https:\/\/www.valkoinenkreivitar.fi\/content\/?post_type=product&#038;p=2277"},"modified":"2022-05-25T10:47:29","modified_gmt":"2022-05-25T07:47:29","slug":"korsetticoutil-musta","status":"publish","type":"product","link":"https:\/\/www.valkoinenkreivitar.fi\/content\/?product=korsetticoutil-musta","title":{"rendered":"Korsetticoutil, musta"},"content":{"rendered":"<p>Musta coutilkangas, kalanruotokude, puuvilla. Leveys 159 cm. Myyntiyksikk\u00f6 10 cm, tilataksesi metrin, osta 10 kpl. Metrihinta 49 e.<\/p>\n<p>Ohut, j\u00e4m\u00e4kk\u00e4 kangas sopii korsettivuoriksi tai miksei one layer-korsetiksikin.<\/p>\n<p>&nbsp;<\/p>\n<p><img loading=\"lazy\" decoding=\"async\" class=\"alignleft size-medium wp-image-2288\" src=\"http:\/\/www.valkoinenkreivitar.fi\/content\/wp-content\/uploads\/2022\/05\/IMG_4109-225x300.jpg\" alt=\"\" width=\"225\" height=\"300\" srcset=\"https:\/\/www.valkoinenkreivitar.fi\/content\/wp-content\/uploads\/2022\/05\/IMG_4109-225x300.jpg 225w, https:\/\/www.valkoinenkreivitar.fi\/content\/wp-content\/uploads\/2022\/05\/IMG_4109-450x600.jpg 450w, https:\/\/www.valkoinenkreivitar.fi\/content\/wp-content\/uploads\/2022\/05\/IMG_4109-768x1024.jpg 768w, https:\/\/www.valkoinenkreivitar.fi\/content\/wp-content\/uploads\/2022\/05\/IMG_4109-1152x1536.jpg 1152w, https:\/\/www.valkoinenkreivitar.fi\/content\/wp-content\/uploads\/2022\/05\/IMG_4109-600x800.jpg 600w, https:\/\/www.valkoinenkreivitar.fi\/content\/wp-content\/uploads\/2022\/05\/IMG_4109-38x50.jpg 38w, https:\/\/www.valkoinenkreivitar.fi\/content\/wp-content\/uploads\/2022\/05\/IMG_4109.jpg 1512w\" sizes=\"auto, (max-width: 225px) 100vw, 225px\" \/> <img loading=\"lazy\" decoding=\"async\" class=\"alignleft size-medium wp-image-2287\" src=\"http:\/\/www.valkoinenkreivitar.fi\/content\/wp-content\/uploads\/2022\/05\/IMG_4106-225x300.jpg\" alt=\"\" width=\"225\" height=\"300\" srcset=\"https:\/\/www.valkoinenkreivitar.fi\/content\/wp-content\/uploads\/2022\/05\/IMG_4106-225x300.jpg 225w, https:\/\/www.valkoinenkreivitar.fi\/content\/wp-content\/uploads\/2022\/05\/IMG_4106-rotated-450x600.jpg 450w, https:\/\/www.valkoinenkreivitar.fi\/content\/wp-content\/uploads\/2022\/05\/IMG_4106-768x1024.jpg 768w, https:\/\/www.valkoinenkreivitar.fi\/content\/wp-content\/uploads\/2022\/05\/IMG_4106-1152x1536.jpg 1152w, https:\/\/www.valkoinenkreivitar.fi\/content\/wp-content\/uploads\/2022\/05\/IMG_4106-600x800.jpg 600w, https:\/\/www.valkoinenkreivitar.fi\/content\/wp-content\/uploads\/2022\/05\/IMG_4106-38x50.jpg 38w, https:\/\/www.valkoinenkreivitar.fi\/content\/wp-content\/uploads\/2022\/05\/IMG_4106-rotated.jpg 1512w\" sizes=\"auto, (max-width: 225px) 100vw, 225px\" \/> <img loading=\"lazy\" decoding=\"async\" class=\"alignleft size-medium wp-image-2286\" src=\"http:\/\/www.valkoinenkreivitar.fi\/content\/wp-content\/uploads\/2022\/05\/IMG_4105-300x225.jpg\" alt=\"\" width=\"300\" height=\"225\" srcset=\"https:\/\/www.valkoinenkreivitar.fi\/content\/wp-content\/uploads\/2022\/05\/IMG_4105-300x225.jpg 300w, https:\/\/www.valkoinenkreivitar.fi\/content\/wp-content\/uploads\/2022\/05\/IMG_4105-450x338.jpg 450w, https:\/\/www.valkoinenkreivitar.fi\/content\/wp-content\/uploads\/2022\/05\/IMG_4105-1024x768.jpg 1024w, https:\/\/www.valkoinenkreivitar.fi\/content\/wp-content\/uploads\/2022\/05\/IMG_4105-768x576.jpg 768w, https:\/\/www.valkoinenkreivitar.fi\/content\/wp-content\/uploads\/2022\/05\/IMG_4105-1536x1152.jpg 1536w, https:\/\/www.valkoinenkreivitar.fi\/content\/wp-content\/uploads\/2022\/05\/IMG_4105-600x450.jpg 600w, https:\/\/www.valkoinenkreivitar.fi\/content\/wp-content\/uploads\/2022\/05\/IMG_4105-50x38.jpg 50w, https:\/\/www.valkoinenkreivitar.fi\/content\/wp-content\/uploads\/2022\/05\/IMG_4105.jpg 2016w\" sizes=\"auto, (max-width: 300px) 100vw, 300px\" \/><\/p>\n","protected":false},"excerpt":{"rendered":"<p>Musta coutilkangas, kalanruotokude, puuvilla. Leveys 159 cm. Myyntiyksikk\u00f6 10 cm, tilataksesi metrin, osta 10 kpl. Metrihinta 49 e. Ohut, j\u00e4m\u00e4kk\u00e4 kangas sopii korsettivuoriksi tai miksei one layer-korsetiksikin. &nbsp;<\/p>\n","protected":false},"featured_media":2287,"template":"","meta":[],"product_brand":[],"product_cat":[79],"product_tag":[],"class_list":{"0":"post-2277","1":"product","2":"type-product","3":"status-publish","4":"has-post-thumbnail","6":"product_cat-korsettitarvikkeet","8":"first","9":"instock","10":"taxable","11":"shipping-taxable","12":"purchasable","13":"product-type-simple"},"_links":{"self":[{"href":"https:\/\/www.valkoinenkreivitar.fi\/content\/index.php?rest_route=\/wp\/v2\/product\/2277","targetHints":{"allow":["GET"]}}],"collection":[{"href":"https:\/\/www.valkoinenkreivitar.fi\/content\/index.php?rest_route=\/wp\/v2\/product"}],"about":[{"href":"https:\/\/www.valkoinenkreivitar.fi\/content\/index.php?rest_route=\/wp\/v2\/types\/product"}],"wp:featuredmedia":[{"embeddable":true,"href":"https:\/\/www.valkoinenkreivitar.fi\/content\/index.php?rest_route=\/wp\/v2\/media\/2287"}],"wp:attachment":[{"href":"https:\/\/www.valkoinenkreivitar.fi\/content\/index.php?rest_route=%2Fwp%2Fv2%2Fmedia&parent=2277"}],"wp:term":[{"taxonomy":"product_brand","embeddable":true,"href":"https:\/\/www.valkoinenkreivitar.fi\/content\/index.php?rest_route=%2Fwp%2Fv2%2Fproduct_brand&post=2277"},{"taxonomy":"product_cat","embeddable":true,"href":"https:\/\/www.valkoinenkreivitar.fi\/content\/index.php?rest_route=%2Fwp%2Fv2%2Fproduct_cat&post=2277"},{"taxonomy":"product_tag","embeddable":true,"href":"https:\/\/www.valkoinenkreivitar.fi\/content\/index.php?rest_route=%2Fwp%2Fv2%2Fproduct_tag&post=2277"}],"curies":[{"name":"wp","href":"https:\/\/api.w.org\/{rel}","templated":true}]}}