{"id":2125,"date":"2021-05-05T16:45:14","date_gmt":"2021-05-05T13:45:14","guid":{"rendered":"http:\/\/www.valkoinenkreivitar.fi\/content\/?post_type=product&#038;p=2125"},"modified":"2021-05-05T16:46:13","modified_gmt":"2021-05-05T13:46:13","slug":"synteettinen-valaanluu-12-mm","status":"publish","type":"product","link":"https:\/\/www.valkoinenkreivitar.fi\/content\/?product=synteettinen-valaanluu-12-mm","title":{"rendered":"Synteettinen valaanluu 12 mm"},"content":{"rendered":"<p>Eritt\u00e4in tukeva\u00a0 muovinen luumateriaali, joka sopii tukeviin korsetteihin. Soveltuu erinomaisesti ny\u00f6rityksen ja etumuksen suoriksi luiksi. Ei katkea helposti. Helppo k\u00e4sitell\u00e4, voidaan katkaista ja py\u00f6rist\u00e4\u00e4 saksilla. Leveys 12 mm, paksuus n. 1 mm.<\/p>\n<p><strong>Metrihinta 4,40 eur, myyd\u00e4\u00e4n 50 cm v\u00e4lein. Eli tilataksesi metrin, osta 2 kappaletta.<\/strong><\/p>\n","protected":false},"excerpt":{"rendered":"<p>Eritt\u00e4in tukeva\u00a0 muovinen luumateriaali, joka sopii tukeviin korsetteihin. Soveltuu erinomaisesti ny\u00f6rityksen ja etumuksen suoriksi luiksi. Ei katkea helposti. Helppo k\u00e4sitell\u00e4, voidaan katkaista ja py\u00f6rist\u00e4\u00e4 saksilla. Leveys 12 mm, paksuus n. 1 mm. Metrihinta 4,40 eur, myyd\u00e4\u00e4n 50 cm v\u00e4lein. Eli tilataksesi metrin, osta 2 kappaletta.<\/p>\n","protected":false},"featured_media":2127,"template":"","meta":[],"product_brand":[],"product_cat":[79],"product_tag":[],"class_list":{"0":"post-2125","1":"product","2":"type-product","3":"status-publish","4":"has-post-thumbnail","6":"product_cat-korsettitarvikkeet","8":"first","9":"instock","10":"taxable","11":"shipping-taxable","12":"purchasable","13":"product-type-simple"},"_links":{"self":[{"href":"https:\/\/www.valkoinenkreivitar.fi\/content\/index.php?rest_route=\/wp\/v2\/product\/2125","targetHints":{"allow":["GET"]}}],"collection":[{"href":"https:\/\/www.valkoinenkreivitar.fi\/content\/index.php?rest_route=\/wp\/v2\/product"}],"about":[{"href":"https:\/\/www.valkoinenkreivitar.fi\/content\/index.php?rest_route=\/wp\/v2\/types\/product"}],"wp:featuredmedia":[{"embeddable":true,"href":"https:\/\/www.valkoinenkreivitar.fi\/content\/index.php?rest_route=\/wp\/v2\/media\/2127"}],"wp:attachment":[{"href":"https:\/\/www.valkoinenkreivitar.fi\/content\/index.php?rest_route=%2Fwp%2Fv2%2Fmedia&parent=2125"}],"wp:term":[{"taxonomy":"product_brand","embeddable":true,"href":"https:\/\/www.valkoinenkreivitar.fi\/content\/index.php?rest_route=%2Fwp%2Fv2%2Fproduct_brand&post=2125"},{"taxonomy":"product_cat","embeddable":true,"href":"https:\/\/www.valkoinenkreivitar.fi\/content\/index.php?rest_route=%2Fwp%2Fv2%2Fproduct_cat&post=2125"},{"taxonomy":"product_tag","embeddable":true,"href":"https:\/\/www.valkoinenkreivitar.fi\/content\/index.php?rest_route=%2Fwp%2Fv2%2Fproduct_tag&post=2125"}],"curies":[{"name":"wp","href":"https:\/\/api.w.org\/{rel}","templated":true}]}}