{"id":2111,"date":"2021-04-27T18:49:34","date_gmt":"2021-04-27T15:49:34","guid":{"rendered":"http:\/\/www.valkoinenkreivitar.fi\/content\/?post_type=product&#038;p=2111"},"modified":"2021-05-05T16:51:52","modified_gmt":"2021-05-05T13:51:52","slug":"terasluu-paallystetty-12-mm","status":"publish","type":"product","link":"https:\/\/www.valkoinenkreivitar.fi\/content\/?product=terasluu-paallystetty-12-mm","title":{"rendered":"Ter\u00e4sluu, p\u00e4\u00e4llystetty 12 mm."},"content":{"rendered":"<p>Todella jykev\u00e4 ter\u00e4sluu korsettiluuksi. P\u00e4\u00e4llystetty. Leveys 12 mm. Leikataan hyvin tukevilla pihdeill\u00e4. Soveltuu esim. ny\u00f6rityksen kohdalle tai etumukseen.<\/p>\n<p>Voidaan huolitella esim. liimalla tai liimaamalla kankaan p\u00e4\u00e4lle tai erikseen ostettavilla p\u00e4ill\u00e4.<\/p>\n<p><strong>Myyd\u00e4\u00e4n puolen metrin v\u00e4lein. Metrihinta 4,60 eur. Tilataksesi metri, osta 2 kpl<\/strong><\/p>\n","protected":false},"excerpt":{"rendered":"<p>Todella jykev\u00e4 ter\u00e4sluu korsettiluuksi. P\u00e4\u00e4llystetty. Leveys 12 mm. Leikataan hyvin tukevilla pihdeill\u00e4. Soveltuu esim. ny\u00f6rityksen kohdalle tai etumukseen. Voidaan huolitella esim. liimalla tai liimaamalla kankaan p\u00e4\u00e4lle tai erikseen ostettavilla p\u00e4ill\u00e4. Myyd\u00e4\u00e4n puolen metrin v\u00e4lein. Metrihinta 4,60 eur. Tilataksesi metri, osta 2 kpl<\/p>\n","protected":false},"featured_media":2112,"template":"","meta":[],"product_brand":[],"product_cat":[79],"product_tag":[],"class_list":{"0":"post-2111","1":"product","2":"type-product","3":"status-publish","4":"has-post-thumbnail","6":"product_cat-korsettitarvikkeet","8":"first","9":"instock","10":"taxable","11":"shipping-taxable","12":"purchasable","13":"product-type-simple"},"_links":{"self":[{"href":"https:\/\/www.valkoinenkreivitar.fi\/content\/index.php?rest_route=\/wp\/v2\/product\/2111","targetHints":{"allow":["GET"]}}],"collection":[{"href":"https:\/\/www.valkoinenkreivitar.fi\/content\/index.php?rest_route=\/wp\/v2\/product"}],"about":[{"href":"https:\/\/www.valkoinenkreivitar.fi\/content\/index.php?rest_route=\/wp\/v2\/types\/product"}],"wp:featuredmedia":[{"embeddable":true,"href":"https:\/\/www.valkoinenkreivitar.fi\/content\/index.php?rest_route=\/wp\/v2\/media\/2112"}],"wp:attachment":[{"href":"https:\/\/www.valkoinenkreivitar.fi\/content\/index.php?rest_route=%2Fwp%2Fv2%2Fmedia&parent=2111"}],"wp:term":[{"taxonomy":"product_brand","embeddable":true,"href":"https:\/\/www.valkoinenkreivitar.fi\/content\/index.php?rest_route=%2Fwp%2Fv2%2Fproduct_brand&post=2111"},{"taxonomy":"product_cat","embeddable":true,"href":"https:\/\/www.valkoinenkreivitar.fi\/content\/index.php?rest_route=%2Fwp%2Fv2%2Fproduct_cat&post=2111"},{"taxonomy":"product_tag","embeddable":true,"href":"https:\/\/www.valkoinenkreivitar.fi\/content\/index.php?rest_route=%2Fwp%2Fv2%2Fproduct_tag&post=2111"}],"curies":[{"name":"wp","href":"https:\/\/api.w.org\/{rel}","templated":true}]}}