{"id":2108,"date":"2021-05-05T16:50:34","date_gmt":"2021-05-05T13:50:34","guid":{"rendered":"http:\/\/www.valkoinenkreivitar.fi\/content\/?post_type=product&#038;p=2108"},"modified":"2021-05-05T16:53:35","modified_gmt":"2021-05-05T13:53:35","slug":"spiraaliluu-7mm","status":"publish","type":"product","link":"https:\/\/www.valkoinenkreivitar.fi\/content\/?product=spiraaliluu-7mm","title":{"rendered":"Spiraaliluu 7mm"},"content":{"rendered":"<p>Spiraaliluu korsetteihin. Leveys 7 mm.<\/p>\n<p>P\u00e4\u00e4t voidaan huolitella esim liimatulla nahanpalalla tai erikseen ostettavilla puristettavilla p\u00e4ill\u00e4.<\/p>\n<p>Spiraaliluu leikataan pihdeill\u00e4. Katkaise molemmilta puolilta lanka kerrallaan.<\/p>\n<p><strong>Metrihinta 4.60 eur. Myyd\u00e4\u00e4n puolen metrin v\u00e4lein, osta 2 kpl tilataksesi metrin.<\/strong><\/p>\n","protected":false},"excerpt":{"rendered":"<p>Spiraaliluu korsetteihin. Leveys 7 mm. P\u00e4\u00e4t voidaan huolitella esim liimatulla nahanpalalla tai erikseen ostettavilla puristettavilla p\u00e4ill\u00e4. Spiraaliluu leikataan pihdeill\u00e4. Katkaise molemmilta puolilta lanka kerrallaan. Metrihinta 4.60 eur. Myyd\u00e4\u00e4n puolen metrin v\u00e4lein, osta 2 kpl tilataksesi metrin.<\/p>\n","protected":false},"featured_media":2109,"template":"","meta":[],"product_brand":[],"product_cat":[79],"product_tag":[],"class_list":{"0":"post-2108","1":"product","2":"type-product","3":"status-publish","4":"has-post-thumbnail","6":"product_cat-korsettitarvikkeet","8":"first","9":"instock","10":"taxable","11":"shipping-taxable","12":"purchasable","13":"product-type-simple"},"_links":{"self":[{"href":"https:\/\/www.valkoinenkreivitar.fi\/content\/index.php?rest_route=\/wp\/v2\/product\/2108","targetHints":{"allow":["GET"]}}],"collection":[{"href":"https:\/\/www.valkoinenkreivitar.fi\/content\/index.php?rest_route=\/wp\/v2\/product"}],"about":[{"href":"https:\/\/www.valkoinenkreivitar.fi\/content\/index.php?rest_route=\/wp\/v2\/types\/product"}],"wp:featuredmedia":[{"embeddable":true,"href":"https:\/\/www.valkoinenkreivitar.fi\/content\/index.php?rest_route=\/wp\/v2\/media\/2109"}],"wp:attachment":[{"href":"https:\/\/www.valkoinenkreivitar.fi\/content\/index.php?rest_route=%2Fwp%2Fv2%2Fmedia&parent=2108"}],"wp:term":[{"taxonomy":"product_brand","embeddable":true,"href":"https:\/\/www.valkoinenkreivitar.fi\/content\/index.php?rest_route=%2Fwp%2Fv2%2Fproduct_brand&post=2108"},{"taxonomy":"product_cat","embeddable":true,"href":"https:\/\/www.valkoinenkreivitar.fi\/content\/index.php?rest_route=%2Fwp%2Fv2%2Fproduct_cat&post=2108"},{"taxonomy":"product_tag","embeddable":true,"href":"https:\/\/www.valkoinenkreivitar.fi\/content\/index.php?rest_route=%2Fwp%2Fv2%2Fproduct_tag&post=2108"}],"curies":[{"name":"wp","href":"https:\/\/api.w.org\/{rel}","templated":true}]}}