{"id":2050,"date":"2021-03-30T16:30:51","date_gmt":"2021-03-30T13:30:51","guid":{"rendered":"http:\/\/www.valkoinenkreivitar.fi\/content\/?post_type=product&#038;p=2050"},"modified":"2021-03-30T16:34:11","modified_gmt":"2021-03-30T13:34:11","slug":"plansetti-26-cm","status":"publish","type":"product","link":"https:\/\/www.valkoinenkreivitar.fi\/content\/?product=plansetti-26-cm","title":{"rendered":"Plansetti 26 cm"},"content":{"rendered":"<p>Korsetin plansetti, pituus 26 cm. Materiaali muovip\u00e4\u00e4llysteinen ter\u00e4s.<\/p>\n","protected":false},"excerpt":{"rendered":"<p>Korsetin plansetti, pituus 26 cm. Materiaali muovip\u00e4\u00e4llysteinen ter\u00e4s.<\/p>\n","protected":false},"featured_media":2055,"template":"","meta":[],"product_brand":[],"product_cat":[79],"product_tag":[],"class_list":{"0":"post-2050","1":"product","2":"type-product","3":"status-publish","4":"has-post-thumbnail","6":"product_cat-korsettitarvikkeet","8":"first","9":"instock","10":"taxable","11":"shipping-taxable","12":"purchasable","13":"product-type-simple"},"_links":{"self":[{"href":"https:\/\/www.valkoinenkreivitar.fi\/content\/index.php?rest_route=\/wp\/v2\/product\/2050","targetHints":{"allow":["GET"]}}],"collection":[{"href":"https:\/\/www.valkoinenkreivitar.fi\/content\/index.php?rest_route=\/wp\/v2\/product"}],"about":[{"href":"https:\/\/www.valkoinenkreivitar.fi\/content\/index.php?rest_route=\/wp\/v2\/types\/product"}],"wp:featuredmedia":[{"embeddable":true,"href":"https:\/\/www.valkoinenkreivitar.fi\/content\/index.php?rest_route=\/wp\/v2\/media\/2055"}],"wp:attachment":[{"href":"https:\/\/www.valkoinenkreivitar.fi\/content\/index.php?rest_route=%2Fwp%2Fv2%2Fmedia&parent=2050"}],"wp:term":[{"taxonomy":"product_brand","embeddable":true,"href":"https:\/\/www.valkoinenkreivitar.fi\/content\/index.php?rest_route=%2Fwp%2Fv2%2Fproduct_brand&post=2050"},{"taxonomy":"product_cat","embeddable":true,"href":"https:\/\/www.valkoinenkreivitar.fi\/content\/index.php?rest_route=%2Fwp%2Fv2%2Fproduct_cat&post=2050"},{"taxonomy":"product_tag","embeddable":true,"href":"https:\/\/www.valkoinenkreivitar.fi\/content\/index.php?rest_route=%2Fwp%2Fv2%2Fproduct_tag&post=2050"}],"curies":[{"name":"wp","href":"https:\/\/api.w.org\/{rel}","templated":true}]}}