{"id":1870,"date":"2019-12-13T10:38:21","date_gmt":"2019-12-13T08:38:21","guid":{"rendered":"http:\/\/www.valkoinenkreivitar.fi\/content\/?post_type=product&#038;p=1870"},"modified":"2020-04-21T20:43:11","modified_gmt":"2020-04-21T17:43:11","slug":"musta-cummerbund","status":"publish","type":"product","link":"https:\/\/www.valkoinenkreivitar.fi\/content\/?product=musta-cummerbund","title":{"rendered":"Musta Cummerbund"},"content":{"rendered":"\n<p>Smokin asustevy\u00f6- ja rusettipakkaus. Mustaa satiinia. Rusetissa liukuva s\u00e4\u00e4t\u00f6. Vy\u00f6ss\u00e4 kuminauha\/solkikiinnitys ja s\u00e4\u00e4t\u00f6. Yhden koon.<\/p>\n","protected":false},"excerpt":{"rendered":"<p>Smokin asustevy\u00f6- ja rusettipakkaus. Mustaa satiinia. Rusetissa liukuva s\u00e4\u00e4t\u00f6. Vy\u00f6ss\u00e4 kuminauha\/solkikiinnitys ja s\u00e4\u00e4t\u00f6. Yhden koon.<\/p>\n","protected":false},"featured_media":1871,"template":"","meta":[],"product_brand":[],"product_cat":[70],"product_tag":[],"class_list":{"0":"post-1870","1":"product","2":"type-product","3":"status-publish","4":"has-post-thumbnail","6":"product_cat-alushameet","8":"first","9":"instock","10":"taxable","11":"shipping-taxable","12":"purchasable","13":"product-type-simple"},"_links":{"self":[{"href":"https:\/\/www.valkoinenkreivitar.fi\/content\/index.php?rest_route=\/wp\/v2\/product\/1870","targetHints":{"allow":["GET"]}}],"collection":[{"href":"https:\/\/www.valkoinenkreivitar.fi\/content\/index.php?rest_route=\/wp\/v2\/product"}],"about":[{"href":"https:\/\/www.valkoinenkreivitar.fi\/content\/index.php?rest_route=\/wp\/v2\/types\/product"}],"wp:featuredmedia":[{"embeddable":true,"href":"https:\/\/www.valkoinenkreivitar.fi\/content\/index.php?rest_route=\/wp\/v2\/media\/1871"}],"wp:attachment":[{"href":"https:\/\/www.valkoinenkreivitar.fi\/content\/index.php?rest_route=%2Fwp%2Fv2%2Fmedia&parent=1870"}],"wp:term":[{"taxonomy":"product_brand","embeddable":true,"href":"https:\/\/www.valkoinenkreivitar.fi\/content\/index.php?rest_route=%2Fwp%2Fv2%2Fproduct_brand&post=1870"},{"taxonomy":"product_cat","embeddable":true,"href":"https:\/\/www.valkoinenkreivitar.fi\/content\/index.php?rest_route=%2Fwp%2Fv2%2Fproduct_cat&post=1870"},{"taxonomy":"product_tag","embeddable":true,"href":"https:\/\/www.valkoinenkreivitar.fi\/content\/index.php?rest_route=%2Fwp%2Fv2%2Fproduct_tag&post=1870"}],"curies":[{"name":"wp","href":"https:\/\/api.w.org\/{rel}","templated":true}]}}