{"id":1827,"date":"2019-11-28T12:57:33","date_gmt":"2019-11-28T10:57:33","guid":{"rendered":"http:\/\/www.valkoinenkreivitar.fi\/content\/?post_type=product&#038;p=1827"},"modified":"2025-01-28T19:56:37","modified_gmt":"2025-01-28T17:56:37","slug":"merenneito-alushame","status":"publish","type":"product","link":"https:\/\/www.valkoinenkreivitar.fi\/content\/?product=merenneito-alushame","title":{"rendered":"Merenneito alushame"},"content":{"rendered":"\r\n<p>Kapea hame, joka sopii merenneitomallisen tai laskeutuvan kapean mekon alle. Vanteet irrotettavat tai s\u00e4\u00e4dett\u00e4v\u00e4t. Polven kohdalta melko tiukka.<\/p>\r\n\r\n\r\n\r\n<p>Yl\u00e4osa joustavaa lycraa.<\/p>\r\n\r\n\r\n\r\n<p>Vy\u00f6t\u00e4r\u00f6 joustava.<\/p>\r\n\r\n\r\n\r\n<p>Koot:<\/p>\r\n\r\n\r\n\r\n<p>S 64-74, M 68-78, L 72-82, XL 76-86 XXL 80-90<\/p>\r\n","protected":false},"excerpt":{"rendered":"<p><img loading=\"lazy\" decoding=\"async\" class=\"alignleft size-medium wp-image-1834\" src=\"http:\/\/www.valkoinenkreivitar.fi\/content\/wp-content\/uploads\/2019\/11\/merenneito2-225x300.jpg\" alt=\"\" width=\"225\" height=\"300\" srcset=\"https:\/\/www.valkoinenkreivitar.fi\/content\/wp-content\/uploads\/2019\/11\/merenneito2-225x300.jpg 225w, https:\/\/www.valkoinenkreivitar.fi\/content\/wp-content\/uploads\/2019\/11\/merenneito2-450x600.jpg 450w, https:\/\/www.valkoinenkreivitar.fi\/content\/wp-content\/uploads\/2019\/11\/merenneito2-38x50.jpg 38w, https:\/\/www.valkoinenkreivitar.fi\/content\/wp-content\/uploads\/2019\/11\/merenneito2.jpg 600w\" sizes=\"auto, (max-width: 225px) 100vw, 225px\" \/><\/p>\n","protected":false},"featured_media":1833,"template":"","meta":[],"product_brand":[],"product_cat":[70],"product_tag":[],"class_list":{"0":"post-1827","1":"product","2":"type-product","3":"status-publish","4":"has-post-thumbnail","6":"product_cat-alushameet","8":"first","9":"instock","10":"taxable","11":"shipping-taxable","12":"purchasable","13":"product-type-variable"},"_links":{"self":[{"href":"https:\/\/www.valkoinenkreivitar.fi\/content\/index.php?rest_route=\/wp\/v2\/product\/1827","targetHints":{"allow":["GET"]}}],"collection":[{"href":"https:\/\/www.valkoinenkreivitar.fi\/content\/index.php?rest_route=\/wp\/v2\/product"}],"about":[{"href":"https:\/\/www.valkoinenkreivitar.fi\/content\/index.php?rest_route=\/wp\/v2\/types\/product"}],"wp:featuredmedia":[{"embeddable":true,"href":"https:\/\/www.valkoinenkreivitar.fi\/content\/index.php?rest_route=\/wp\/v2\/media\/1833"}],"wp:attachment":[{"href":"https:\/\/www.valkoinenkreivitar.fi\/content\/index.php?rest_route=%2Fwp%2Fv2%2Fmedia&parent=1827"}],"wp:term":[{"taxonomy":"product_brand","embeddable":true,"href":"https:\/\/www.valkoinenkreivitar.fi\/content\/index.php?rest_route=%2Fwp%2Fv2%2Fproduct_brand&post=1827"},{"taxonomy":"product_cat","embeddable":true,"href":"https:\/\/www.valkoinenkreivitar.fi\/content\/index.php?rest_route=%2Fwp%2Fv2%2Fproduct_cat&post=1827"},{"taxonomy":"product_tag","embeddable":true,"href":"https:\/\/www.valkoinenkreivitar.fi\/content\/index.php?rest_route=%2Fwp%2Fv2%2Fproduct_tag&post=1827"}],"curies":[{"name":"wp","href":"https:\/\/api.w.org\/{rel}","templated":true}]}}