{"id":1819,"date":"2019-11-28T12:53:50","date_gmt":"2019-11-28T10:53:50","guid":{"rendered":"http:\/\/www.valkoinenkreivitar.fi\/content\/?post_type=product&#038;p=1819"},"modified":"2026-01-25T22:49:11","modified_gmt":"2026-01-25T20:49:11","slug":"kapea-vannehame","status":"publish","type":"product","link":"https:\/\/www.valkoinenkreivitar.fi\/content\/?product=kapea-vannehame","title":{"rendered":"Kapea vannehame"},"content":{"rendered":"\r\n<p>Kapea vannehame, joka sopii monen mekon alle, jolle ei haluta turhan paljon kohotusta. Vanteita 2 kpl, jotka s\u00e4\u00e4dett\u00e4vi\u00e4.<\/p>\r\n\r\n\r\n\r\n<p>Vy\u00f6t\u00e4r\u00f6 joustava.<\/p>\r\n\r\n\r\n\r\n<p>Koot vy\u00f6t\u00e4r\u00f6n mukaan (tuote joustaa hyvin):<\/p>\r\n\r\n\r\n\r\n<p>S 64-74, M 68-78, L 72-82, XL 76-86 XXL 80-90<\/p>\r\n<p>Plussakokoja ja erityispitki\u00e4 versioita on saatavana muutaman viikon tilausajalla, ota t\u00e4ll\u00f6in yhteys s\u00e4hk\u00f6postitse.<\/p>\r\n","protected":false},"excerpt":{"rendered":"<p>Kapea vannehame, joka sopii monen mekon alle, jolle ei haluta turhan paljon kohotusta. Vanteita 2 kpl, jotka s\u00e4\u00e4dett\u00e4vi\u00e4. Vy\u00f6t\u00e4r\u00f6 joustava. Koot vy\u00f6t\u00e4r\u00f6n mukaan (tuote joustaa hyvin): S 64-74, M 68-78, L 72-82, XL 76-86 XXL 80-90 Plussakokoja ja erityispitki\u00e4 versioita on saatavana muutaman viikon tilausajalla, ota t\u00e4ll\u00f6in yhteys s\u00e4hk\u00f6postitse.<\/p>\n","protected":false},"featured_media":1825,"template":"","meta":[],"product_brand":[],"product_cat":[70],"product_tag":[],"class_list":{"0":"post-1819","1":"product","2":"type-product","3":"status-publish","4":"has-post-thumbnail","6":"product_cat-alushameet","8":"first","9":"instock","10":"taxable","11":"shipping-taxable","12":"purchasable","13":"product-type-variable"},"_links":{"self":[{"href":"https:\/\/www.valkoinenkreivitar.fi\/content\/index.php?rest_route=\/wp\/v2\/product\/1819","targetHints":{"allow":["GET"]}}],"collection":[{"href":"https:\/\/www.valkoinenkreivitar.fi\/content\/index.php?rest_route=\/wp\/v2\/product"}],"about":[{"href":"https:\/\/www.valkoinenkreivitar.fi\/content\/index.php?rest_route=\/wp\/v2\/types\/product"}],"wp:featuredmedia":[{"embeddable":true,"href":"https:\/\/www.valkoinenkreivitar.fi\/content\/index.php?rest_route=\/wp\/v2\/media\/1825"}],"wp:attachment":[{"href":"https:\/\/www.valkoinenkreivitar.fi\/content\/index.php?rest_route=%2Fwp%2Fv2%2Fmedia&parent=1819"}],"wp:term":[{"taxonomy":"product_brand","embeddable":true,"href":"https:\/\/www.valkoinenkreivitar.fi\/content\/index.php?rest_route=%2Fwp%2Fv2%2Fproduct_brand&post=1819"},{"taxonomy":"product_cat","embeddable":true,"href":"https:\/\/www.valkoinenkreivitar.fi\/content\/index.php?rest_route=%2Fwp%2Fv2%2Fproduct_cat&post=1819"},{"taxonomy":"product_tag","embeddable":true,"href":"https:\/\/www.valkoinenkreivitar.fi\/content\/index.php?rest_route=%2Fwp%2Fv2%2Fproduct_tag&post=1819"}],"curies":[{"name":"wp","href":"https:\/\/api.w.org\/{rel}","templated":true}]}}