{"id":1811,"date":"2019-11-28T10:10:28","date_gmt":"2019-11-28T08:10:28","guid":{"rendered":"http:\/\/www.valkoinenkreivitar.fi\/content\/?post_type=product&#038;p=1811"},"modified":"2021-09-30T11:07:40","modified_gmt":"2021-09-30T08:07:40","slug":"vaateteippi","status":"publish","type":"product","link":"https:\/\/www.valkoinenkreivitar.fi\/content\/?product=vaateteippi","title":{"rendered":"Vaateteippi"},"content":{"rendered":"\n<p> Vaateteippi, joka tarttuu ihoon ja kankaaseen todella tehokkaasti. Est\u00e4\u00e4 esimerkiksi avoselk\u00e4isten pukujen reunan l\u00f6rp\u00f6tt\u00e4mist\u00e4, pit\u00e4\u00e4 hansikkaat ylh\u00e4\u00e4ll\u00e4 tai auttaa pit\u00e4m\u00e4\u00e4n olkaimet paikallaan. Teippi on paksu, silikonimainen. Pakkauksessa 20 kpl. <\/p>\n","protected":false},"excerpt":{"rendered":"<p>Vaateteippi, joka tarttuu ihoon ja kankaaseen todella tehokkaasti. Est\u00e4\u00e4 esimerkiksi avoselk\u00e4isten pukujen reunan l\u00f6rp\u00f6tt\u00e4mist\u00e4, pit\u00e4\u00e4 hansikkaat ylh\u00e4\u00e4ll\u00e4 tai auttaa pit\u00e4m\u00e4\u00e4n olkaimet paikallaan. Teippi on paksu, silikonimainen. Pakkauksessa 20 kpl.<\/p>\n","protected":false},"featured_media":1812,"template":"","meta":[],"product_brand":[],"product_cat":[71],"product_tag":[],"class_list":{"0":"post-1811","1":"product","2":"type-product","3":"status-publish","4":"has-post-thumbnail","6":"product_cat-alusasut","8":"first","9":"instock","10":"taxable","11":"shipping-taxable","12":"purchasable","13":"product-type-simple"},"_links":{"self":[{"href":"https:\/\/www.valkoinenkreivitar.fi\/content\/index.php?rest_route=\/wp\/v2\/product\/1811","targetHints":{"allow":["GET"]}}],"collection":[{"href":"https:\/\/www.valkoinenkreivitar.fi\/content\/index.php?rest_route=\/wp\/v2\/product"}],"about":[{"href":"https:\/\/www.valkoinenkreivitar.fi\/content\/index.php?rest_route=\/wp\/v2\/types\/product"}],"wp:featuredmedia":[{"embeddable":true,"href":"https:\/\/www.valkoinenkreivitar.fi\/content\/index.php?rest_route=\/wp\/v2\/media\/1812"}],"wp:attachment":[{"href":"https:\/\/www.valkoinenkreivitar.fi\/content\/index.php?rest_route=%2Fwp%2Fv2%2Fmedia&parent=1811"}],"wp:term":[{"taxonomy":"product_brand","embeddable":true,"href":"https:\/\/www.valkoinenkreivitar.fi\/content\/index.php?rest_route=%2Fwp%2Fv2%2Fproduct_brand&post=1811"},{"taxonomy":"product_cat","embeddable":true,"href":"https:\/\/www.valkoinenkreivitar.fi\/content\/index.php?rest_route=%2Fwp%2Fv2%2Fproduct_cat&post=1811"},{"taxonomy":"product_tag","embeddable":true,"href":"https:\/\/www.valkoinenkreivitar.fi\/content\/index.php?rest_route=%2Fwp%2Fv2%2Fproduct_tag&post=1811"}],"curies":[{"name":"wp","href":"https:\/\/api.w.org\/{rel}","templated":true}]}}