{"id":1603,"date":"2017-06-20T13:01:15","date_gmt":"2017-06-20T10:01:15","guid":{"rendered":"http:\/\/www.valkoinenkreivitar.fi\/content\/?product=alushame-220-cm"},"modified":"2026-01-22T14:02:56","modified_gmt":"2026-01-22T12:02:56","slug":"alushame-220-cm","status":"publish","type":"product","link":"https:\/\/www.valkoinenkreivitar.fi\/content\/?product=alushame-220-cm","title":{"rendered":"Alushame 220 cm"},"content":{"rendered":"<p>Alushame joustavalla vy\u00f6t\u00e4r\u00f6ll\u00e4. Kaksi vannetta, joista isompi 220 cm pitk\u00e4. Helmassa yksi r\u00f6yhel\u00f6kerros. Sopii keskikokoisen hameen alle. Vanteita voi s\u00e4\u00e4t\u00e4\u00e4.<\/p>\n<p>Kokotaulukko vy\u00f6t\u00e4r\u00f6n mitan mukaan (tuote joustaa hyvin):<br \/>\nS 64-74, M 68-78, L 72-82, XL 76-86 XXL 80-90<\/p>\n<p>Saatavana my\u00f6s plussakoot ja erityispitk\u00e4n\u00e4 muutaman viikon toimoitusajalla, ota yhteytt\u00e4 s\u00e4hk\u00f6postitse.<\/p>\n","protected":false},"excerpt":{"rendered":"<p>Alushame joustavalla vy\u00f6t\u00e4r\u00f6ll\u00e4. Kaksi vannetta, joista isompi 220 cm pitk\u00e4. Helmassa yksi r\u00f6yhel\u00f6kerros. Sopii keskikokoisen hameen alle. Vanteita voi s\u00e4\u00e4t\u00e4\u00e4. Kokotaulukko vy\u00f6t\u00e4r\u00f6n mitan mukaan (tuote joustaa hyvin): S 64-74, M 68-78, L 72-82, XL 76-86 XXL 80-90 Saatavana my\u00f6s plussakoot ja erityispitk\u00e4n\u00e4 muutaman viikon toimoitusajalla, ota yhteytt\u00e4 s\u00e4hk\u00f6postitse.<\/p>\n","protected":false},"featured_media":1607,"template":"","meta":[],"product_brand":[],"product_cat":[70],"product_tag":[],"class_list":{"0":"post-1603","1":"product","2":"type-product","3":"status-publish","4":"has-post-thumbnail","6":"product_cat-alushameet","8":"first","9":"instock","10":"taxable","11":"shipping-taxable","12":"purchasable","13":"product-type-variable"},"_links":{"self":[{"href":"https:\/\/www.valkoinenkreivitar.fi\/content\/index.php?rest_route=\/wp\/v2\/product\/1603","targetHints":{"allow":["GET"]}}],"collection":[{"href":"https:\/\/www.valkoinenkreivitar.fi\/content\/index.php?rest_route=\/wp\/v2\/product"}],"about":[{"href":"https:\/\/www.valkoinenkreivitar.fi\/content\/index.php?rest_route=\/wp\/v2\/types\/product"}],"wp:featuredmedia":[{"embeddable":true,"href":"https:\/\/www.valkoinenkreivitar.fi\/content\/index.php?rest_route=\/wp\/v2\/media\/1607"}],"wp:attachment":[{"href":"https:\/\/www.valkoinenkreivitar.fi\/content\/index.php?rest_route=%2Fwp%2Fv2%2Fmedia&parent=1603"}],"wp:term":[{"taxonomy":"product_brand","embeddable":true,"href":"https:\/\/www.valkoinenkreivitar.fi\/content\/index.php?rest_route=%2Fwp%2Fv2%2Fproduct_brand&post=1603"},{"taxonomy":"product_cat","embeddable":true,"href":"https:\/\/www.valkoinenkreivitar.fi\/content\/index.php?rest_route=%2Fwp%2Fv2%2Fproduct_cat&post=1603"},{"taxonomy":"product_tag","embeddable":true,"href":"https:\/\/www.valkoinenkreivitar.fi\/content\/index.php?rest_route=%2Fwp%2Fv2%2Fproduct_tag&post=1603"}],"curies":[{"name":"wp","href":"https:\/\/api.w.org\/{rel}","templated":true}]}}