{"id":1581,"date":"2017-06-20T09:43:11","date_gmt":"2017-06-20T06:43:11","guid":{"rendered":"http:\/\/www.valkoinenkreivitar.fi\/content\/?post_type=product&#038;p=1581"},"modified":"2025-05-30T11:40:00","modified_gmt":"2025-05-30T08:40:00","slug":"alushame-kevyen-puvun-alle","status":"publish","type":"product","link":"https:\/\/www.valkoinenkreivitar.fi\/content\/?product=alushame-kevyen-puvun-alle","title":{"rendered":"Alushame kevyen puvun alle"},"content":{"rendered":"<p>Ihana vartaloa tukeva joustava kangas, jossa kevyet tyllikerrokset helmassa. Sopii hyvin boho-tyylisien ja kevyiden pukujen alle antamaan hieman ryhti\u00e4. Ei vanteita.<\/p>\n<p>V\u00e4ri:Luonnonvalkoinen<\/p>\n<p>Kokotaulukko vy\u00f6t\u00e4r\u00f6n mukaan (hyvin joustava, suositellaan normaalin vaatekoon mukaan):<br \/>\nS 64, M 68, L 72, XL 76, XXL 80<\/p>\n","protected":false},"excerpt":{"rendered":"<p><img loading=\"lazy\" decoding=\"async\" class=\"alignleft size-medium wp-image-1582\" src=\"http:\/\/www.valkoinenkreivitar.fi\/content\/wp-content\/uploads\/2017\/06\/30-150J_002_2-300x218.jpg\" alt=\"\" width=\"300\" height=\"218\" \/><\/p>\n","protected":false},"featured_media":2192,"template":"","meta":[],"product_brand":[],"product_cat":[70],"product_tag":[],"class_list":{"0":"post-1581","1":"product","2":"type-product","3":"status-publish","4":"has-post-thumbnail","6":"product_cat-alushameet","8":"first","9":"instock","10":"taxable","11":"shipping-taxable","12":"purchasable","13":"product-type-variable","14":"has-default-attributes"},"_links":{"self":[{"href":"https:\/\/www.valkoinenkreivitar.fi\/content\/index.php?rest_route=\/wp\/v2\/product\/1581","targetHints":{"allow":["GET"]}}],"collection":[{"href":"https:\/\/www.valkoinenkreivitar.fi\/content\/index.php?rest_route=\/wp\/v2\/product"}],"about":[{"href":"https:\/\/www.valkoinenkreivitar.fi\/content\/index.php?rest_route=\/wp\/v2\/types\/product"}],"wp:featuredmedia":[{"embeddable":true,"href":"https:\/\/www.valkoinenkreivitar.fi\/content\/index.php?rest_route=\/wp\/v2\/media\/2192"}],"wp:attachment":[{"href":"https:\/\/www.valkoinenkreivitar.fi\/content\/index.php?rest_route=%2Fwp%2Fv2%2Fmedia&parent=1581"}],"wp:term":[{"taxonomy":"product_brand","embeddable":true,"href":"https:\/\/www.valkoinenkreivitar.fi\/content\/index.php?rest_route=%2Fwp%2Fv2%2Fproduct_brand&post=1581"},{"taxonomy":"product_cat","embeddable":true,"href":"https:\/\/www.valkoinenkreivitar.fi\/content\/index.php?rest_route=%2Fwp%2Fv2%2Fproduct_cat&post=1581"},{"taxonomy":"product_tag","embeddable":true,"href":"https:\/\/www.valkoinenkreivitar.fi\/content\/index.php?rest_route=%2Fwp%2Fv2%2Fproduct_tag&post=1581"}],"curies":[{"name":"wp","href":"https:\/\/api.w.org\/{rel}","templated":true}]}}