{"id":1807,"date":"2019-11-23T17:01:03","date_gmt":"2019-11-23T15:01:03","guid":{"rendered":"http:\/\/www.valkoinenkreivitar.fi\/content\/?page_id=1807"},"modified":"2021-10-28T12:02:32","modified_gmt":"2021-10-28T09:02:32","slug":"tilausohje-ja-rekisteriseloste","status":"publish","type":"page","link":"https:\/\/www.valkoinenkreivitar.fi\/content\/?page_id=1807","title":{"rendered":"Tilausohje ja rekisteriseloste"},"content":{"rendered":"\n<p><strong>Tilaaminen nettikaupasta<\/strong><\/p>\n\n\n\n<p>Tuotteet pyrit\u00e4\u00e4n toimittamaan kahden arkip\u00e4iv\u00e4n kuluessa siit\u00e4, kun maksu on saapunut tilillemme. Mik\u00e4li jokin on loppunut varastosta otamme yhteytt\u00e4 ja sovimme j\u00e4lkitoimituksesta. Jos toivot tuotteista eri kokoja tai muita versioita, ota yhteytt\u00e4!<\/p>\n\n\n\n<p>Toimitustapa Posti tai \u00c4rr\u00e4paketti tai nouto liikkeest\u00e4.<\/p>\n\n\n\n<p><strong>Maksaminen<\/strong><\/p>\n\n\n\n<p>Maksun voi suorittaa tilisiirtona, l\u00e4het\u00e4mme laskun antamaasi s\u00e4hk\u00f6postiosoitteeseen ennen tuotteen l\u00e4hett\u00e4mist\u00e4. Yleisimm\u00e4t maksukortit k\u00e4yv\u00e4t Stripe-verkkomaksulla.<\/p>\n\n\n\n<p><strong>Tietojen k\u00e4sittely<\/strong><\/p>\n\n\n\n<p>Annettuja yhteystietoja k\u00e4ytet\u00e4\u00e4n ainoastaan tilauksen toimittamiseen tai siihen liittyv\u00e4\u00e4n yhteydenpitoon. Emme luovuta tietoja muille tai k\u00e4yt\u00e4 niit\u00e4 markkinointiin. <\/p>\n\n\n\n<p><strong>Palautusoikeus<\/strong><\/p>\n\n\n\n<p>Varastosta ostetuilla tuotteilla on 14 vrk:n palautusoikeus. Palautusoikeus ei koske liimattavia alusasuja, teippej\u00e4 tai pikkuhousuja. Palautusoikeus ei my\u00f6sk\u00e4\u00e4n koske tuotteita, jotka on tilattu meille varta vasten asiakkaan toiveesta. Asiakas huolehtii, ett\u00e4 tuote on alkuper\u00e4isess\u00e4 kunnossa ja pakattuna kuljetuksen kest\u00e4v\u00e4sti. Asiakas kustantaa palautuksen. Liit\u00e4 mukaan tietosi ja pankkiyhteys maksun palautusta varten.<\/p>\n\n\n\n<p>Reklamaatiotapauksessa ota aina ensin yhteytt\u00e4, niin sovimme palautuksesta tapauskohtaisesti.<\/p>\n","protected":false},"excerpt":{"rendered":"<p>Tilaaminen nettikaupasta Tuotteet pyrit\u00e4\u00e4n toimittamaan kahden arkip\u00e4iv\u00e4n kuluessa siit\u00e4, kun maksu on saapunut tilillemme. Mik\u00e4li jokin on loppunut varastosta otamme yhteytt\u00e4 ja sovimme j\u00e4lkitoimituksesta. Jos toivot tuotteista eri kokoja tai muita versioita, ota yhteytt\u00e4! Toimitustapa Posti tai \u00c4rr\u00e4paketti tai nouto liikkeest\u00e4. Maksaminen Maksun voi suorittaa tilisiirtona, l\u00e4het\u00e4mme laskun antamaasi s\u00e4hk\u00f6postiosoitteeseen ennen tuotteen l\u00e4hett\u00e4mist\u00e4. Yleisimm\u00e4t maksukortit k\u00e4yv\u00e4t Stripe-verkkomaksulla. Tietojen k\u00e4sittely Annettuja yhteystietoja k\u00e4ytet\u00e4\u00e4n ainoastaan tilauksen toimittamiseen tai siihen liittyv\u00e4\u00e4n yhteydenpitoon. Emme luovuta tietoja muille tai k\u00e4yt\u00e4 niit\u00e4 markkinointiin. Palautusoikeus Varastosta ostetuilla tuotteilla on 14 vrk:n palautusoikeus. Palautusoikeus ei koske liimattavia alusasuja, teippej\u00e4 tai pikkuhousuja. Palautusoikeus ei my\u00f6sk\u00e4\u00e4n koske tuotteita, jotka on tilattu meille varta vasten asiakkaan toiveesta. Asiakas huolehtii, ett\u00e4 tuote on alkuper\u00e4isess\u00e4 kunnossa ja pakattuna kuljetuksen kest\u00e4v\u00e4sti. Asiakas kustantaa palautuksen. Liit\u00e4 mukaan tietosi ja pankkiyhteys maksun palautusta varten. Reklamaatiotapauksessa ota aina ensin yhteytt\u00e4, niin sovimme palautuksesta tapauskohtaisesti.<\/p>\n","protected":false},"author":1,"featured_media":0,"parent":0,"menu_order":0,"comment_status":"closed","ping_status":"closed","template":"","meta":{"footnotes":""},"class_list":["post-1807","page","type-page","status-publish","hentry"],"_links":{"self":[{"href":"https:\/\/www.valkoinenkreivitar.fi\/content\/index.php?rest_route=\/wp\/v2\/pages\/1807","targetHints":{"allow":["GET"]}}],"collection":[{"href":"https:\/\/www.valkoinenkreivitar.fi\/content\/index.php?rest_route=\/wp\/v2\/pages"}],"about":[{"href":"https:\/\/www.valkoinenkreivitar.fi\/content\/index.php?rest_route=\/wp\/v2\/types\/page"}],"author":[{"embeddable":true,"href":"https:\/\/www.valkoinenkreivitar.fi\/content\/index.php?rest_route=\/wp\/v2\/users\/1"}],"replies":[{"embeddable":true,"href":"https:\/\/www.valkoinenkreivitar.fi\/content\/index.php?rest_route=%2Fwp%2Fv2%2Fcomments&post=1807"}],"version-history":[{"count":8,"href":"https:\/\/www.valkoinenkreivitar.fi\/content\/index.php?rest_route=\/wp\/v2\/pages\/1807\/revisions"}],"predecessor-version":[{"id":2206,"href":"https:\/\/www.valkoinenkreivitar.fi\/content\/index.php?rest_route=\/wp\/v2\/pages\/1807\/revisions\/2206"}],"wp:attachment":[{"href":"https:\/\/www.valkoinenkreivitar.fi\/content\/index.php?rest_route=%2Fwp%2Fv2%2Fmedia&parent=1807"}],"curies":[{"name":"wp","href":"https:\/\/api.w.org\/{rel}","templated":true}]}}