{"id":2368,"date":"2022-10-11T15:40:45","date_gmt":"2022-10-11T12:40:45","guid":{"rendered":"https:\/\/www.valkoinenkreivitar.fi\/content\/?post_type=product&#038;p=2368"},"modified":"2022-10-11T15:40:46","modified_gmt":"2022-10-11T12:40:46","slug":"korsetti-rinnan-yli","status":"publish","type":"product","link":"http:\/\/www.valkoinenkreivitar.fi\/content\/?product=korsetti-rinnan-yli","title":{"rendered":"Korsetti, rinnan yli"},"content":{"rendered":"<p>Rinnan yli ylettyv\u00e4 kirist\u00e4v\u00e4 korsetti. Valmistamme mittojen mukaan, tuote ei ole tilattavissa suoraan netist\u00e4. Tilausaika n. 2-4 vk.<\/p>\n<p>Korsetti sopii juhlapuvun alle, ainoastaan ny\u00f6ri tai luukujat saattavat ohuesta kankaasta n\u00e4ky\u00e4 l\u00e4pi. Sit\u00e4 voi k\u00e4ytt\u00e4\u00e4 my\u00f6s p\u00e4\u00e4llivaatteena tai siihen voidaan lis\u00e4t\u00e4 olkaimet ja koristelua toiveen mukaan.<\/p>\n<p>Sill\u00e4 voi kirist\u00e4\u00e4 luonnollista vy\u00f6t\u00e4r\u00f6\u00e4 noin 10-20 cm koosta riippuen. Isommissa kokoluokissa on enemm\u00e4n tukiluita.<\/p>\n<p>V\u00e4ri ja materiaalit: luonnonvalkoinen tai musta morsiussatiini, puuvillasekoite korsetticoutil, sile\u00e4 cupro\/polyester vuorikangas. Luut tukevaa muoviluuta ja ter\u00e4sspiraalia.<\/p>\n<p>Hinta:<br \/>\nkoot 32-44 440 eur<br \/>\n46-52\u00a0 \u00a0480 eur<\/p>\n<p>Ota rohkeasti yhteytt\u00e4 niin tehd\u00e4\u00e4n sinun tarpeisiisi sopiva korsetti!<\/p>\n<p>&nbsp;<\/p>\n<p><img loading=\"lazy\" decoding=\"async\" class=\"alignleft size-medium wp-image-2369\" src=\"http:\/\/www.valkoinenkreivitar.fi\/content\/wp-content\/uploads\/2022\/10\/IMG_5748-225x300.jpg\" alt=\"\" width=\"225\" height=\"300\" srcset=\"http:\/\/www.valkoinenkreivitar.fi\/content\/wp-content\/uploads\/2022\/10\/IMG_5748-225x300.jpg 225w, http:\/\/www.valkoinenkreivitar.fi\/content\/wp-content\/uploads\/2022\/10\/IMG_5748-scaled-450x600.jpg 450w, http:\/\/www.valkoinenkreivitar.fi\/content\/wp-content\/uploads\/2022\/10\/IMG_5748-768x1024.jpg 768w, http:\/\/www.valkoinenkreivitar.fi\/content\/wp-content\/uploads\/2022\/10\/IMG_5748-1152x1536.jpg 1152w, http:\/\/www.valkoinenkreivitar.fi\/content\/wp-content\/uploads\/2022\/10\/IMG_5748-1536x2048.jpg 1536w, http:\/\/www.valkoinenkreivitar.fi\/content\/wp-content\/uploads\/2022\/10\/IMG_5748-600x800.jpg 600w, http:\/\/www.valkoinenkreivitar.fi\/content\/wp-content\/uploads\/2022\/10\/IMG_5748-38x50.jpg 38w, http:\/\/www.valkoinenkreivitar.fi\/content\/wp-content\/uploads\/2022\/10\/IMG_5748-scaled.jpg 1920w\" sizes=\"auto, (max-width: 225px) 100vw, 225px\" \/> <img loading=\"lazy\" decoding=\"async\" class=\"alignleft size-medium wp-image-2370\" src=\"http:\/\/www.valkoinenkreivitar.fi\/content\/wp-content\/uploads\/2022\/10\/IMG_5770-225x300.jpg\" alt=\"\" width=\"225\" height=\"300\" srcset=\"http:\/\/www.valkoinenkreivitar.fi\/content\/wp-content\/uploads\/2022\/10\/IMG_5770-225x300.jpg 225w, http:\/\/www.valkoinenkreivitar.fi\/content\/wp-content\/uploads\/2022\/10\/IMG_5770-scaled-450x600.jpg 450w, http:\/\/www.valkoinenkreivitar.fi\/content\/wp-content\/uploads\/2022\/10\/IMG_5770-768x1024.jpg 768w, http:\/\/www.valkoinenkreivitar.fi\/content\/wp-content\/uploads\/2022\/10\/IMG_5770-1152x1536.jpg 1152w, http:\/\/www.valkoinenkreivitar.fi\/content\/wp-content\/uploads\/2022\/10\/IMG_5770-1536x2048.jpg 1536w, http:\/\/www.valkoinenkreivitar.fi\/content\/wp-content\/uploads\/2022\/10\/IMG_5770-600x800.jpg 600w, http:\/\/www.valkoinenkreivitar.fi\/content\/wp-content\/uploads\/2022\/10\/IMG_5770-38x50.jpg 38w, http:\/\/www.valkoinenkreivitar.fi\/content\/wp-content\/uploads\/2022\/10\/IMG_5770-scaled.jpg 1920w\" sizes=\"auto, (max-width: 225px) 100vw, 225px\" \/><\/p>\n","protected":false},"excerpt":{"rendered":"<p>Rinnan yli ylettyv\u00e4 kirist\u00e4v\u00e4 korsetti. Valmistamme mittojen mukaan, tuote ei ole tilattavissa suoraan netist\u00e4. Tilausaika n. 2-4 vk. Korsetti sopii juhlapuvun alle, ainoastaan ny\u00f6ri tai luukujat saattavat ohuesta kankaasta n\u00e4ky\u00e4 l\u00e4pi. Sit\u00e4 voi k\u00e4ytt\u00e4\u00e4 my\u00f6s p\u00e4\u00e4llivaatteena tai siihen voidaan lis\u00e4t\u00e4 olkaimet ja koristelua toiveen mukaan. Sill\u00e4 voi kirist\u00e4\u00e4 luonnollista vy\u00f6t\u00e4r\u00f6\u00e4 noin 10-20 cm koosta riippuen. Isommissa kokoluokissa on enemm\u00e4n tukiluita. V\u00e4ri ja materiaalit: luonnonvalkoinen tai musta morsiussatiini, puuvillasekoite korsetticoutil, sile\u00e4 cupro\/polyester vuorikangas. Luut tukevaa muoviluuta ja ter\u00e4sspiraalia. Hinta: koot 32-44 440 eur 46-52\u00a0 \u00a0480 eur Ota rohkeasti yhteytt\u00e4 niin tehd\u00e4\u00e4n sinun tarpeisiisi sopiva korsetti! &nbsp;<\/p>\n","protected":false},"featured_media":2370,"template":"","meta":[],"product_brand":[],"product_cat":[83],"product_tag":[],"class_list":{"0":"post-2368","1":"product","2":"type-product","3":"status-publish","4":"has-post-thumbnail","6":"product_cat-korsetit","8":"first","9":"instock","10":"taxable","11":"shipping-taxable","12":"product-type-simple"},"_links":{"self":[{"href":"http:\/\/www.valkoinenkreivitar.fi\/content\/index.php?rest_route=\/wp\/v2\/product\/2368","targetHints":{"allow":["GET"]}}],"collection":[{"href":"http:\/\/www.valkoinenkreivitar.fi\/content\/index.php?rest_route=\/wp\/v2\/product"}],"about":[{"href":"http:\/\/www.valkoinenkreivitar.fi\/content\/index.php?rest_route=\/wp\/v2\/types\/product"}],"wp:featuredmedia":[{"embeddable":true,"href":"http:\/\/www.valkoinenkreivitar.fi\/content\/index.php?rest_route=\/wp\/v2\/media\/2370"}],"wp:attachment":[{"href":"http:\/\/www.valkoinenkreivitar.fi\/content\/index.php?rest_route=%2Fwp%2Fv2%2Fmedia&parent=2368"}],"wp:term":[{"taxonomy":"product_brand","embeddable":true,"href":"http:\/\/www.valkoinenkreivitar.fi\/content\/index.php?rest_route=%2Fwp%2Fv2%2Fproduct_brand&post=2368"},{"taxonomy":"product_cat","embeddable":true,"href":"http:\/\/www.valkoinenkreivitar.fi\/content\/index.php?rest_route=%2Fwp%2Fv2%2Fproduct_cat&post=2368"},{"taxonomy":"product_tag","embeddable":true,"href":"http:\/\/www.valkoinenkreivitar.fi\/content\/index.php?rest_route=%2Fwp%2Fv2%2Fproduct_tag&post=2368"}],"curies":[{"name":"wp","href":"https:\/\/api.w.org\/{rel}","templated":true}]}}