{"id":2366,"date":"2022-10-07T12:23:52","date_gmt":"2022-10-07T09:23:52","guid":{"rendered":"https:\/\/www.valkoinenkreivitar.fi\/content\/?post_type=product&#038;p=2366"},"modified":"2022-10-07T12:25:12","modified_gmt":"2022-10-07T09:25:12","slug":"korsetti-66-cm-rinnan-alle","status":"publish","type":"product","link":"http:\/\/www.valkoinenkreivitar.fi\/content\/?product=korsetti-66-cm-rinnan-alle","title":{"rendered":"Korsetti 66 cm, rinnan alle"},"content":{"rendered":"<p>Kotimainen tukeva korsetti laadukkaista materiaaleista. Vuorina k\u00e4ytetty puuvillakalanruotocoutilia, p\u00e4\u00e4llinen tukeva polyestersatiini. Plansetti ter\u00e4st\u00e4, muut luut tukevaa 12 mm muoviluuta.<\/p>\n<p>Vy\u00f6t\u00e4r\u00f6 66 cm, sopii kirist\u00e4miseen. Oma luonnollinen vy\u00f6t\u00e4r\u00f6 voisi olla n. 72-76 cm. Sivun pituus n. 24 cm, vy\u00f6t\u00e4r\u00f6 puoliv\u00e4lin kohdalla.<\/p>\n<p>V\u00e4ri ivory.<\/p>\n<p>Koska korsetti on hyvin ohut, se sopinee my\u00f6s juhlapuvun alle. Plansetin nupit saattavat n\u00e4ky\u00e4 ohuesta materiaalista l\u00e4pi. Korsettia voi k\u00e4ytt\u00e4\u00e4 my\u00f6s puvun p\u00e4\u00e4ll\u00e4 tai osana asua.<\/p>\n<p>Valmistettu Kreivitt\u00e4ren ompelimossa pitk\u00e4n linjan korsettimestarin toimesta.<\/p>\n<p><img loading=\"lazy\" decoding=\"async\" class=\"alignleft size-medium wp-image-2346\" src=\"http:\/\/www.valkoinenkreivitar.fi\/content\/wp-content\/uploads\/2022\/09\/IMG_5380-225x300.jpg\" alt=\"\" width=\"225\" height=\"300\" srcset=\"http:\/\/www.valkoinenkreivitar.fi\/content\/wp-content\/uploads\/2022\/09\/IMG_5380-225x300.jpg 225w, http:\/\/www.valkoinenkreivitar.fi\/content\/wp-content\/uploads\/2022\/09\/IMG_5380-scaled-450x600.jpg 450w, http:\/\/www.valkoinenkreivitar.fi\/content\/wp-content\/uploads\/2022\/09\/IMG_5380-768x1024.jpg 768w, http:\/\/www.valkoinenkreivitar.fi\/content\/wp-content\/uploads\/2022\/09\/IMG_5380-1152x1536.jpg 1152w, http:\/\/www.valkoinenkreivitar.fi\/content\/wp-content\/uploads\/2022\/09\/IMG_5380-1536x2048.jpg 1536w, http:\/\/www.valkoinenkreivitar.fi\/content\/wp-content\/uploads\/2022\/09\/IMG_5380-600x800.jpg 600w, http:\/\/www.valkoinenkreivitar.fi\/content\/wp-content\/uploads\/2022\/09\/IMG_5380-38x50.jpg 38w, http:\/\/www.valkoinenkreivitar.fi\/content\/wp-content\/uploads\/2022\/09\/IMG_5380-scaled.jpg 1920w\" sizes=\"auto, (max-width: 225px) 100vw, 225px\" \/> <img loading=\"lazy\" decoding=\"async\" class=\"alignleft size-medium wp-image-2345\" src=\"http:\/\/www.valkoinenkreivitar.fi\/content\/wp-content\/uploads\/2022\/09\/IMG_5377-225x300.jpg\" alt=\"\" width=\"225\" height=\"300\" srcset=\"http:\/\/www.valkoinenkreivitar.fi\/content\/wp-content\/uploads\/2022\/09\/IMG_5377-225x300.jpg 225w, http:\/\/www.valkoinenkreivitar.fi\/content\/wp-content\/uploads\/2022\/09\/IMG_5377-scaled-450x600.jpg 450w, http:\/\/www.valkoinenkreivitar.fi\/content\/wp-content\/uploads\/2022\/09\/IMG_5377-768x1024.jpg 768w, http:\/\/www.valkoinenkreivitar.fi\/content\/wp-content\/uploads\/2022\/09\/IMG_5377-1152x1536.jpg 1152w, http:\/\/www.valkoinenkreivitar.fi\/content\/wp-content\/uploads\/2022\/09\/IMG_5377-1536x2048.jpg 1536w, http:\/\/www.valkoinenkreivitar.fi\/content\/wp-content\/uploads\/2022\/09\/IMG_5377-600x800.jpg 600w, http:\/\/www.valkoinenkreivitar.fi\/content\/wp-content\/uploads\/2022\/09\/IMG_5377-38x50.jpg 38w, http:\/\/www.valkoinenkreivitar.fi\/content\/wp-content\/uploads\/2022\/09\/IMG_5377-scaled.jpg 1920w\" sizes=\"auto, (max-width: 225px) 100vw, 225px\" \/><\/p>\n","protected":false},"excerpt":{"rendered":"<p>Kotimainen tukeva korsetti laadukkaista materiaaleista. Vuorina k\u00e4ytetty puuvillakalanruotocoutilia, p\u00e4\u00e4llinen tukeva polyestersatiini. Plansetti ter\u00e4st\u00e4, muut luut tukevaa 12 mm muoviluuta. Vy\u00f6t\u00e4r\u00f6 66 cm, sopii kirist\u00e4miseen. Oma luonnollinen vy\u00f6t\u00e4r\u00f6 voisi olla n. 72-76 cm. Sivun pituus n. 24 cm, vy\u00f6t\u00e4r\u00f6 puoliv\u00e4lin kohdalla. V\u00e4ri ivory. Koska korsetti on hyvin ohut, se sopinee my\u00f6s juhlapuvun alle. Plansetin nupit saattavat n\u00e4ky\u00e4 ohuesta materiaalista l\u00e4pi. Korsettia voi k\u00e4ytt\u00e4\u00e4 my\u00f6s puvun p\u00e4\u00e4ll\u00e4 tai osana asua. Valmistettu Kreivitt\u00e4ren ompelimossa pitk\u00e4n linjan korsettimestarin toimesta.<\/p>\n","protected":false},"featured_media":2346,"template":"","meta":[],"product_brand":[],"product_cat":[83],"product_tag":[],"class_list":{"0":"post-2366","1":"product","2":"type-product","3":"status-publish","4":"has-post-thumbnail","6":"product_cat-korsetit","8":"first","9":"instock","10":"taxable","11":"shipping-taxable","12":"purchasable","13":"product-type-simple"},"_links":{"self":[{"href":"http:\/\/www.valkoinenkreivitar.fi\/content\/index.php?rest_route=\/wp\/v2\/product\/2366","targetHints":{"allow":["GET"]}}],"collection":[{"href":"http:\/\/www.valkoinenkreivitar.fi\/content\/index.php?rest_route=\/wp\/v2\/product"}],"about":[{"href":"http:\/\/www.valkoinenkreivitar.fi\/content\/index.php?rest_route=\/wp\/v2\/types\/product"}],"wp:featuredmedia":[{"embeddable":true,"href":"http:\/\/www.valkoinenkreivitar.fi\/content\/index.php?rest_route=\/wp\/v2\/media\/2346"}],"wp:attachment":[{"href":"http:\/\/www.valkoinenkreivitar.fi\/content\/index.php?rest_route=%2Fwp%2Fv2%2Fmedia&parent=2366"}],"wp:term":[{"taxonomy":"product_brand","embeddable":true,"href":"http:\/\/www.valkoinenkreivitar.fi\/content\/index.php?rest_route=%2Fwp%2Fv2%2Fproduct_brand&post=2366"},{"taxonomy":"product_cat","embeddable":true,"href":"http:\/\/www.valkoinenkreivitar.fi\/content\/index.php?rest_route=%2Fwp%2Fv2%2Fproduct_cat&post=2366"},{"taxonomy":"product_tag","embeddable":true,"href":"http:\/\/www.valkoinenkreivitar.fi\/content\/index.php?rest_route=%2Fwp%2Fv2%2Fproduct_tag&post=2366"}],"curies":[{"name":"wp","href":"https:\/\/api.w.org\/{rel}","templated":true}]}}