{"id":2359,"date":"2022-09-27T12:39:18","date_gmt":"2022-09-27T09:39:18","guid":{"rendered":"https:\/\/www.valkoinenkreivitar.fi\/content\/?post_type=product&#038;p=2359"},"modified":"2022-09-30T13:15:48","modified_gmt":"2022-09-30T10:15:48","slug":"sateenvarjo-lapinakyva","status":"publish","type":"product","link":"http:\/\/www.valkoinenkreivitar.fi\/content\/?product=sateenvarjo-lapinakyva","title":{"rendered":"Sateenvarjo, l\u00e4pin\u00e4kyv\u00e4"},"content":{"rendered":"<p>H\u00e4\u00e4kuviin eritt\u00e4in mainio rekvisiitta, joka pit\u00e4\u00e4 my\u00f6s kuivana! Avattuna halkaisija 100 cm.<\/p>\n<p><img loading=\"lazy\" decoding=\"async\" class=\"alignleft size-medium wp-image-2360\" src=\"http:\/\/www.valkoinenkreivitar.fi\/content\/wp-content\/uploads\/2022\/09\/Transparent-PVC-Auto-Opening-Umbrella2-300x248.jpg\" alt=\"\" width=\"300\" height=\"248\" srcset=\"http:\/\/www.valkoinenkreivitar.fi\/content\/wp-content\/uploads\/2022\/09\/Transparent-PVC-Auto-Opening-Umbrella2-300x248.jpg 300w, http:\/\/www.valkoinenkreivitar.fi\/content\/wp-content\/uploads\/2022\/09\/Transparent-PVC-Auto-Opening-Umbrella2-450x371.jpg 450w, http:\/\/www.valkoinenkreivitar.fi\/content\/wp-content\/uploads\/2022\/09\/Transparent-PVC-Auto-Opening-Umbrella2-50x41.jpg 50w, http:\/\/www.valkoinenkreivitar.fi\/content\/wp-content\/uploads\/2022\/09\/Transparent-PVC-Auto-Opening-Umbrella2.jpg 538w\" sizes=\"auto, (max-width: 300px) 100vw, 300px\" \/><\/p>\n","protected":false},"excerpt":{"rendered":"<p>H\u00e4\u00e4kuviin eritt\u00e4in mainio rekvisiitta, joka pit\u00e4\u00e4 my\u00f6s kuivana! Avattuna halkaisija 100 cm.<\/p>\n","protected":false},"featured_media":2360,"template":"","meta":[],"product_brand":[],"product_cat":[70],"product_tag":[],"class_list":{"0":"post-2359","1":"product","2":"type-product","3":"status-publish","4":"has-post-thumbnail","6":"product_cat-alushameet","7":"product_shipping_class-suuri-paketti","9":"first","10":"instock","11":"taxable","12":"shipping-taxable","13":"purchasable","14":"product-type-simple"},"_links":{"self":[{"href":"http:\/\/www.valkoinenkreivitar.fi\/content\/index.php?rest_route=\/wp\/v2\/product\/2359","targetHints":{"allow":["GET"]}}],"collection":[{"href":"http:\/\/www.valkoinenkreivitar.fi\/content\/index.php?rest_route=\/wp\/v2\/product"}],"about":[{"href":"http:\/\/www.valkoinenkreivitar.fi\/content\/index.php?rest_route=\/wp\/v2\/types\/product"}],"wp:featuredmedia":[{"embeddable":true,"href":"http:\/\/www.valkoinenkreivitar.fi\/content\/index.php?rest_route=\/wp\/v2\/media\/2360"}],"wp:attachment":[{"href":"http:\/\/www.valkoinenkreivitar.fi\/content\/index.php?rest_route=%2Fwp%2Fv2%2Fmedia&parent=2359"}],"wp:term":[{"taxonomy":"product_brand","embeddable":true,"href":"http:\/\/www.valkoinenkreivitar.fi\/content\/index.php?rest_route=%2Fwp%2Fv2%2Fproduct_brand&post=2359"},{"taxonomy":"product_cat","embeddable":true,"href":"http:\/\/www.valkoinenkreivitar.fi\/content\/index.php?rest_route=%2Fwp%2Fv2%2Fproduct_cat&post=2359"},{"taxonomy":"product_tag","embeddable":true,"href":"http:\/\/www.valkoinenkreivitar.fi\/content\/index.php?rest_route=%2Fwp%2Fv2%2Fproduct_tag&post=2359"}],"curies":[{"name":"wp","href":"https:\/\/api.w.org\/{rel}","templated":true}]}}