{"id":2056,"date":"2021-03-30T16:31:02","date_gmt":"2021-03-30T13:31:02","guid":{"rendered":"http:\/\/www.valkoinenkreivitar.fi\/content\/?post_type=product&#038;p=2056"},"modified":"2021-03-30T16:31:53","modified_gmt":"2021-03-30T13:31:53","slug":"plansetti-30-cm","status":"publish","type":"product","link":"http:\/\/www.valkoinenkreivitar.fi\/content\/?product=plansetti-30-cm","title":{"rendered":"Plansetti 30 cm"},"content":{"rendered":"<p>Korsetin plansetti, pituus 30 cm. Materiaali muovip\u00e4\u00e4llysteinen ter\u00e4s.<\/p>\n","protected":false},"excerpt":{"rendered":"<p>Korsetin plansetti, pituus 30 cm. Materiaali muovip\u00e4\u00e4llysteinen ter\u00e4s.<\/p>\n","protected":false},"featured_media":2055,"template":"","meta":[],"product_brand":[],"product_cat":[79],"product_tag":[],"class_list":{"0":"post-2056","1":"product","2":"type-product","3":"status-publish","4":"has-post-thumbnail","6":"product_cat-korsettitarvikkeet","8":"first","9":"instock","10":"taxable","11":"shipping-taxable","12":"purchasable","13":"product-type-simple"},"_links":{"self":[{"href":"http:\/\/www.valkoinenkreivitar.fi\/content\/index.php?rest_route=\/wp\/v2\/product\/2056","targetHints":{"allow":["GET"]}}],"collection":[{"href":"http:\/\/www.valkoinenkreivitar.fi\/content\/index.php?rest_route=\/wp\/v2\/product"}],"about":[{"href":"http:\/\/www.valkoinenkreivitar.fi\/content\/index.php?rest_route=\/wp\/v2\/types\/product"}],"wp:featuredmedia":[{"embeddable":true,"href":"http:\/\/www.valkoinenkreivitar.fi\/content\/index.php?rest_route=\/wp\/v2\/media\/2055"}],"wp:attachment":[{"href":"http:\/\/www.valkoinenkreivitar.fi\/content\/index.php?rest_route=%2Fwp%2Fv2%2Fmedia&parent=2056"}],"wp:term":[{"taxonomy":"product_brand","embeddable":true,"href":"http:\/\/www.valkoinenkreivitar.fi\/content\/index.php?rest_route=%2Fwp%2Fv2%2Fproduct_brand&post=2056"},{"taxonomy":"product_cat","embeddable":true,"href":"http:\/\/www.valkoinenkreivitar.fi\/content\/index.php?rest_route=%2Fwp%2Fv2%2Fproduct_cat&post=2056"},{"taxonomy":"product_tag","embeddable":true,"href":"http:\/\/www.valkoinenkreivitar.fi\/content\/index.php?rest_route=%2Fwp%2Fv2%2Fproduct_tag&post=2056"}],"curies":[{"name":"wp","href":"https:\/\/api.w.org\/{rel}","templated":true}]}}