{"id":1794,"date":"2019-11-22T11:27:39","date_gmt":"2019-11-22T09:27:39","guid":{"rendered":"http:\/\/www.valkoinenkreivitar.fi\/content\/?post_type=product&#038;p=1794"},"modified":"2025-07-04T22:06:33","modified_gmt":"2025-07-04T19:06:33","slug":"huntu-p110","status":"publish","type":"product","link":"http:\/\/www.valkoinenkreivitar.fi\/content\/?product=huntu-p110","title":{"rendered":"Lyhyt tyllihuntu"},"content":{"rendered":"\n<figure class=\"wp-block-image size-large\"><img loading=\"lazy\" decoding=\"async\" width=\"600\" height=\"800\" src=\"http:\/\/www.valkoinenkreivitar.fi\/content\/wp-content\/uploads\/2019\/11\/P110.jpg\" alt=\"\" class=\"wp-image-1795\" srcset=\"http:\/\/www.valkoinenkreivitar.fi\/content\/wp-content\/uploads\/2019\/11\/P110.jpg 600w, http:\/\/www.valkoinenkreivitar.fi\/content\/wp-content\/uploads\/2019\/11\/P110-450x600.jpg 450w, http:\/\/www.valkoinenkreivitar.fi\/content\/wp-content\/uploads\/2019\/11\/P110-225x300.jpg 225w, http:\/\/www.valkoinenkreivitar.fi\/content\/wp-content\/uploads\/2019\/11\/P110-38x50.jpg 38w\" sizes=\"auto, (max-width: 600px) 100vw, 600px\" \/><\/figure>\n\n\n\n<p>Eritt\u00e4in pehme\u00e4, pienisilm\u00e4inen, yksikerroksinen tyllihuntu. Kampakiinnitys. Pituus 110 cm. V\u00e4ri luonnonvalkoinen\/ivory.<\/p>\n","protected":false},"excerpt":{"rendered":"<p>Eritt\u00e4in pehme\u00e4, pienisilm\u00e4inen, yksikerroksinen tyllihuntu. Kampakiinnitys. Pituus 110 cm. V\u00e4ri luonnonvalkoinen\/ivory.<\/p>\n","protected":false},"featured_media":1795,"template":"","meta":[],"product_brand":[],"product_cat":[74],"product_tag":[],"class_list":{"0":"post-1794","1":"product","2":"type-product","3":"status-publish","4":"has-post-thumbnail","6":"product_cat-hunnut","8":"first","9":"instock","10":"taxable","11":"shipping-taxable","12":"purchasable","13":"product-type-simple"},"_links":{"self":[{"href":"http:\/\/www.valkoinenkreivitar.fi\/content\/index.php?rest_route=\/wp\/v2\/product\/1794","targetHints":{"allow":["GET"]}}],"collection":[{"href":"http:\/\/www.valkoinenkreivitar.fi\/content\/index.php?rest_route=\/wp\/v2\/product"}],"about":[{"href":"http:\/\/www.valkoinenkreivitar.fi\/content\/index.php?rest_route=\/wp\/v2\/types\/product"}],"wp:featuredmedia":[{"embeddable":true,"href":"http:\/\/www.valkoinenkreivitar.fi\/content\/index.php?rest_route=\/wp\/v2\/media\/1795"}],"wp:attachment":[{"href":"http:\/\/www.valkoinenkreivitar.fi\/content\/index.php?rest_route=%2Fwp%2Fv2%2Fmedia&parent=1794"}],"wp:term":[{"taxonomy":"product_brand","embeddable":true,"href":"http:\/\/www.valkoinenkreivitar.fi\/content\/index.php?rest_route=%2Fwp%2Fv2%2Fproduct_brand&post=1794"},{"taxonomy":"product_cat","embeddable":true,"href":"http:\/\/www.valkoinenkreivitar.fi\/content\/index.php?rest_route=%2Fwp%2Fv2%2Fproduct_cat&post=1794"},{"taxonomy":"product_tag","embeddable":true,"href":"http:\/\/www.valkoinenkreivitar.fi\/content\/index.php?rest_route=%2Fwp%2Fv2%2Fproduct_tag&post=1794"}],"curies":[{"name":"wp","href":"https:\/\/api.w.org\/{rel}","templated":true}]}}