{"id":1596,"date":"2017-06-20T12:39:58","date_gmt":"2017-06-20T09:39:58","guid":{"rendered":"http:\/\/www.valkoinenkreivitar.fi\/content\/?post_type=product&#038;p=1596"},"modified":"2025-12-05T11:48:58","modified_gmt":"2025-12-05T09:48:58","slug":"tukeva-alushame-270-cm","status":"publish","type":"product","link":"http:\/\/www.valkoinenkreivitar.fi\/content\/?product=tukeva-alushame-270-cm","title":{"rendered":"Alushame 270 cm"},"content":{"rendered":"<p>Alushame joustavalla vy\u00f6t\u00e4r\u00f6ll\u00e4. Kaksi vannetta, joista isompi 270 cm pitk\u00e4. Helmassa yksi r\u00f6yhel\u00f6kerros. Eritt\u00e4in tukeva ja sopii tanssiaishameeksikin. Vanteita voi s\u00e4\u00e4t\u00e4\u00e4.<\/p>\n<p>Koot vy\u00f6t\u00e4r\u00f6mitan mukaan (tuote joustaa hyvin):<br \/>\nXS 58-64 S 64-74, M 68-78, L 72-82, XL 76-86 XXL 80-90<\/p>\n","protected":false},"excerpt":{"rendered":"<p>Alushame joustavalla vy\u00f6t\u00e4r\u00f6ll\u00e4. Kaksi vannetta, joista isompi 270 cm pitk\u00e4. Helmassa yksi r\u00f6yhel\u00f6kerros. Eritt\u00e4in tukeva ja sopii tanssiaishameeksikin. Vanteita voi s\u00e4\u00e4t\u00e4\u00e4. Koot vy\u00f6t\u00e4r\u00f6mitan mukaan (tuote joustaa hyvin): XS 58-64 S 64-74, M 68-78, L 72-82, XL 76-86 XXL 80-90<\/p>\n","protected":false},"featured_media":1597,"template":"","meta":[],"product_brand":[],"product_cat":[70],"product_tag":[],"class_list":{"0":"post-1596","1":"product","2":"type-product","3":"status-publish","4":"has-post-thumbnail","6":"product_cat-alushameet","8":"first","9":"instock","10":"taxable","11":"shipping-taxable","12":"purchasable","13":"product-type-variable"},"_links":{"self":[{"href":"http:\/\/www.valkoinenkreivitar.fi\/content\/index.php?rest_route=\/wp\/v2\/product\/1596","targetHints":{"allow":["GET"]}}],"collection":[{"href":"http:\/\/www.valkoinenkreivitar.fi\/content\/index.php?rest_route=\/wp\/v2\/product"}],"about":[{"href":"http:\/\/www.valkoinenkreivitar.fi\/content\/index.php?rest_route=\/wp\/v2\/types\/product"}],"wp:featuredmedia":[{"embeddable":true,"href":"http:\/\/www.valkoinenkreivitar.fi\/content\/index.php?rest_route=\/wp\/v2\/media\/1597"}],"wp:attachment":[{"href":"http:\/\/www.valkoinenkreivitar.fi\/content\/index.php?rest_route=%2Fwp%2Fv2%2Fmedia&parent=1596"}],"wp:term":[{"taxonomy":"product_brand","embeddable":true,"href":"http:\/\/www.valkoinenkreivitar.fi\/content\/index.php?rest_route=%2Fwp%2Fv2%2Fproduct_brand&post=1596"},{"taxonomy":"product_cat","embeddable":true,"href":"http:\/\/www.valkoinenkreivitar.fi\/content\/index.php?rest_route=%2Fwp%2Fv2%2Fproduct_cat&post=1596"},{"taxonomy":"product_tag","embeddable":true,"href":"http:\/\/www.valkoinenkreivitar.fi\/content\/index.php?rest_route=%2Fwp%2Fv2%2Fproduct_tag&post=1596"}],"curies":[{"name":"wp","href":"https:\/\/api.w.org\/{rel}","templated":true}]}}