{"id":836,"date":"2014-10-11T10:08:30","date_gmt":"2014-10-11T10:08:30","guid":{"rendered":"http:\/\/www.valkoinenkreivitar.fi\/content\/?page_id=836"},"modified":"2026-03-01T17:23:03","modified_gmt":"2026-03-01T15:23:03","slug":"miesten-pukuvuokraus","status":"publish","type":"page","link":"http:\/\/www.valkoinenkreivitar.fi\/content\/?page_id=836","title":{"rendered":"Miesten pukeutuminen"},"content":{"rendered":"<h2>P\u00e4iv\u00e4- ja iltajuhliin<\/h2>\n<p>Miehille ja pojille tarjoamme tyylikk\u00e4\u00e4t vuokra-asut. Aikuisten vuokrattavaan valikoimaan kuuluu frakki, saketti, smokki musta tai tummansininen tai tumma puku mustana\/harmaana\/tumman sinisen\u00e4 lis\u00e4varusteineen. Yhdistelem\u00e4ll\u00e4 liivej\u00e4, solmukkeita ja pukuja saat omann\u00e4k\u00f6isen kokonaisuuden.<\/p>\n<p><a href=\"https:\/\/timma.fi\/valkoinenkreivitar\" target=\"_blank\" rel=\"noopener noreferrer\">Varaa sovitusaika t\u00e4st\u00e4!<\/a><\/p>\n<p><strong>Vuokrahinnat<\/strong><\/p>\n<p>Frakkipaketti 169 eur kokoja 44-62<br \/>\nShakettipaketti 179 eur kokoja 48-62<br \/>\nSmokkipaketti musta 159 eur 48-62<br \/>\nSmokkipaketti tummansininen 175 eur koot 48-56<br \/>\nSmokkipaketti tummanvihre\u00e4 175 eur koot 48-56<br \/>\nTumma pukupaketti musta 120 eur koot 44-70<br \/>\ntummansininen pukupaketti 120 eur koot 46-64<br \/>\nHarmaa puku tumma\/keskiharmaa 139 eur<br \/>\nVaaleanvihre\u00e4 puku liivill\u00e4 199 eur koot 48-56<\/p>\n<p>Lakeerikeng\u00e4t 30 eur kokoja 40-47<br \/>\nNahkakeng\u00e4t 20 eur kokoja 40-47<br \/>\nErikoiskeng\u00e4t 30 eur kokoja 41-45<\/p>\n<p>Liivi+solmuke 45 eur<br \/>\nPaita valkoinen kauluspaita, smokin paita tai frakin paita 30 eur<br \/>\nTakki+housut (musta\/tummansininen) 80 eur<br \/>\nHattu+keppi 35 eur<\/p>\n<p><strong>Pikkupojat ja nuorisokoot<\/strong><\/p>\n<p>Lasten haalaripuku 40 eur<br \/>\nLasten musta puku valkoisella paidalla 55 eur<br \/>\nLasten musta puku liivill\u00e4+paidalla 65 eur<br \/>\nPikkufrakki 5 osaa 70 eur<br \/>\nKokoja 56-170cm v\u00e4lilt\u00e4. Kenki\u00e4 ei l\u00f6ydy lasten koossa.<\/p>\n<p><strong>Wanhojentanssipukujen varaukset kev\u00e4\u00e4lle 2027 aloitetaan syyskuussa.<\/strong><strong><br \/>\n<\/strong><\/p>\n<p><strong>Pakettihinnat<\/strong> sis\u00e4lt\u00e4v\u00e4t yleisimm\u00e4t muutosty\u00f6t, lahkeet, housun vy\u00f6t\u00e4r\u00f6n ja takin hihojen muutokset. Muut muokkaukset erikseen. Pakettiin kuuluu housut, takki, paita, solmuke, kalvosinnapit, henkselit, taskuliina.<br \/>\nKeng\u00e4t tulevat erikseen.<\/p>\n<p>Saman viikon aikana vuokrattaviin pukuihin lis\u00e4t\u00e4\u00e4n 30 eur kiirelis\u00e4.<\/p>\n<p>Mahdollista on my\u00f6s vuokrata vain osa tuotteista.<\/p>\n<h3><strong>Miten vuokraaminen toimii?<br \/>\n<\/strong><\/h3>\n<p>Vuokraamista varten on k\u00e4yt\u00e4v\u00e4 sovittamassa puku etuk\u00e4teen. Joskus se on pitk\u00e4matkalaiselle mahdotonta, niin joidenkin pukukokojen ja mittojen l\u00e4hett\u00e4minen auttaa meit\u00e4 katsomaan valmiiksi sopivia vaatteita, mutta niiden istuvuudesta emme pysty antamaan takeita n\u00e4kem\u00e4tt\u00e4.<br \/>\nKun mieleinen puku on l\u00f6ytynyt, laitamme sen varaukseen. Puvun voi normaalisti noutaa torstaina ja palautus tiistaisin, toki n\u00e4ist\u00e4 voidaan erikseen sopia.<\/p>\n<p>Noudon yhteydess\u00e4 puku viel\u00e4 sovitetaan ja katsotaan yhdess\u00e4.<\/p>\n<h3>Vuokras\u00e4\u00e4nn\u00f6t<\/h3>\n<p>-Pukua varattaessa sovitaan vuokra-aika, joka useinmiten on viikonlopun yli. My\u00f6h\u00e4styneist\u00e4 palautuksista perit\u00e4\u00e4n maksu lis\u00e4p\u00e4ivilt\u00e4 sek\u00e4 aiheutuneet kulut, kuten kiireell\u00e4 tehdyt pesut ja toiselle asiakkaalle aiheutuneet kustannukset, mik\u00e4li h\u00e4n ei ole voinut saada pukua ajoissa. Vuokraaja vastaa tuotteista niiden t\u00e4ydest\u00e4 arvosta, kunnes ne on palautettu.<\/p>\n<p>-Pukua <strong>ei tarvitse huoltaa eik\u00e4 pest\u00e4<\/strong> ennen palauttamista. Vuokrahintaan sis\u00e4ltyy yksi pesukerta. Tahranpoistosta veloitetaan erikseen. Tuotteiden muuntelu ja itse peseminen on kielletty, ellei asiasta sovita.<\/p>\n<p>Normaali likaantuminen k\u00e4sitt\u00e4\u00e4 useimmat ruokatahrat ja tavallisen lian. Vaikeasti poistettavista tahroista (kuten liima, maalit )perit\u00e4\u00e4n lis\u00e4kulut, kokonaan l\u00e4htem\u00e4tt\u00f6m\u00e4t tahrat katsotaan tuotteen pilanneiksi ja t\u00e4ll\u00f6in asiakas on velvollinen korvaamaan tuotteen.<\/p>\n<p>Tupakan, kipin\u00f6iden, kaatumisten ja kukkavieheiden aiheuttamat rei\u00e4t katsotaan tuotteen\u00a0pilanneiksi. K\u00e4yt\u00e4 ainoastaan ohutta neulaa tai magneettia kukissa.<\/p>\n<p>-Kaikki vaatteet, lis\u00e4tarvikkeet, pakkaukset sek\u00e4 henkari palautetaan. Perimme maksun kadonneista kalvosimista ja napeista.<\/p>\n<p>-Vuokraa noudettaessa tuotteet on EHDOTTOMASTI sovitettava. Mik\u00e4li sit\u00e4 ei soviteta, vuokraaja ottaa vastuun tuotteiden oikeellisuudesta. Paketin tarkistus tehd\u00e4\u00e4n molempien osapuolten toimesta.<\/p>\n<p>Mik\u00e4li pukeutuminen tuottaa vaikeuksia, pyyd\u00e4 apua henkil\u00f6kunnaltamme. Olemme aina valmiit auttamaan ja neuvomaaan.<\/p>\n<p><strong>-Vuokravarauksesta<\/strong> perimme 50 euron maksun, jota ei palauteta vuokran peruuntuessa ja joka v\u00e4hennet\u00e4\u00e4n koko vuokrauksen hinnasta puvun noudon yhteydess\u00e4. Vuokraamolla on oikeus pid\u00e4tt\u00e4\u00e4 varausmaksu kulujensa korvauksena.<\/p>\n<p>-Vuokraamo sitoutuu luovuttamaan varatut tuotteet sovitunlaisina ja sovittuna ajankohtana. Mik\u00e4li t\u00e4m\u00e4 velvollisuus ei t\u00e4yty, asiakkaalla on oikeus vaatia korvausta joka on enint\u00e4\u00e4n sovittu vuokrahinta.<\/p>\n<p>-Vuokraamolla on oikeus pyyt\u00e4\u00e4 henkil\u00f6- ja yhteystiedot. N\u00e4m\u00e4 h\u00e4vitet\u00e4\u00e4n vuokran palautuksen j\u00e4lkeen, ellei erikseen sovita niiden s\u00e4ilytt\u00e4misest\u00e4, esimerkiksi vakioasiakkaille. Ajanvarausj\u00e4rjestelm\u00e4 tallentaa yhteystiedot ja ne voi pyyt\u00e4\u00e4 poistettavaksi. Tietoja ei milloinkaan luovuteta muille eik\u00e4 k\u00e4ytet\u00e4 muuhun kuin vuokraamiseen liittyv\u00e4\u00e4n yhteydenpitoon.<\/p>\n<h4>Muista my\u00f6s tilausmallisto, jos haluat tyylikk\u00e4\u00e4n puvun omaksi!<\/h4>\n<h4>Pukujen ostohintoja:<\/h4>\n<p>Tumma puku alkaen 230 eur<br \/>\nFrakki alkaen 539 eur<br \/>\nSmokki alkaen 359 eur<br \/>\nShaketti alkaen 649 eur<br \/>\nFrakkipaita alkaen 109 eur<br \/>\nFrakkiliivi alkaen 109 eur<br \/>\nRusetit alkaen 24 eur<br \/>\nTaskuliina 7 eur<br \/>\nFrakkihanskat 24 eur<br \/>\nKauluspaita manseteilla ja piilonapeilla 89 eur<br \/>\nSmokkipaita alkaen 89 eur<br \/>\nLakeerikeng\u00e4t 149 eur<br \/>\nJuhlakeng\u00e4t 139 eur<\/p>\n<p>Hinnat riippuvat kankaasta, koosta ja merkist\u00e4. Hintoihin ei kuulu korjausty\u00f6t.<\/p>\n<figure id=\"attachment_1368\" aria-describedby=\"caption-attachment-1368\" style=\"width: 198px\" class=\"wp-caption alignleft\"><a href=\"http:\/\/www.valkoinenkreivitar.fi\/content\/wp-content\/uploads\/2014\/10\/surdut_angielski2-lucas.jpg\"><img loading=\"lazy\" decoding=\"async\" class=\"size-medium wp-image-1368\" src=\"http:\/\/www.valkoinenkreivitar.fi\/content\/wp-content\/uploads\/2014\/10\/surdut_angielski2-lucas-198x300.jpg\" alt=\"Shaketti on aina tyylik\u00e4s valinta sulhaselle tai vanhojenp\u00e4iv\u00e4ksi. Kuva:New Men\" width=\"198\" height=\"300\" \/><\/a><figcaption id=\"caption-attachment-1368\" class=\"wp-caption-text\">Shaketti on aina tyylik\u00e4s valinta sulhaselle tai vanhojenp\u00e4iv\u00e4ksi. Sen kanssa voi k\u00e4ytt\u00e4\u00e4 eriv\u00e4risi\u00e4 liivej\u00e4 ja plastroneita. Kuva:New Men<\/figcaption><\/figure>\n<figure id=\"attachment_1401\" aria-describedby=\"caption-attachment-1401\" style=\"width: 201px\" class=\"wp-caption alignleft\"><a href=\"http:\/\/www.valkoinenkreivitar.fi\/content\/wp-content\/uploads\/2014\/10\/1363.jpg\"><img loading=\"lazy\" decoding=\"async\" class=\"wp-image-1401 size-medium\" src=\"http:\/\/www.valkoinenkreivitar.fi\/content\/wp-content\/uploads\/2014\/10\/1363-201x300.jpg\" alt=\"\" width=\"201\" height=\"300\" srcset=\"http:\/\/www.valkoinenkreivitar.fi\/content\/wp-content\/uploads\/2014\/10\/1363-201x300.jpg 201w, http:\/\/www.valkoinenkreivitar.fi\/content\/wp-content\/uploads\/2014\/10\/1363-450x673.jpg 450w, http:\/\/www.valkoinenkreivitar.fi\/content\/wp-content\/uploads\/2014\/10\/1363-685x1024.jpg 685w, http:\/\/www.valkoinenkreivitar.fi\/content\/wp-content\/uploads\/2014\/10\/1363-622x930.jpg 622w, http:\/\/www.valkoinenkreivitar.fi\/content\/wp-content\/uploads\/2014\/10\/1363-600x897.jpg 600w, http:\/\/www.valkoinenkreivitar.fi\/content\/wp-content\/uploads\/2014\/10\/1363.jpg 1181w\" sizes=\"auto, (max-width: 201px) 100vw, 201px\" \/><\/a><figcaption id=\"caption-attachment-1401\" class=\"wp-caption-text\">Tailorin smokki.<\/figcaption><\/figure>\n<figure id=\"attachment_1402\" aria-describedby=\"caption-attachment-1402\" style=\"width: 198px\" class=\"wp-caption alignleft\"><a href=\"http:\/\/www.valkoinenkreivitar.fi\/content\/wp-content\/uploads\/2014\/10\/erlarick.jpg\"><img loading=\"lazy\" decoding=\"async\" class=\"wp-image-1402 size-medium\" src=\"http:\/\/www.valkoinenkreivitar.fi\/content\/wp-content\/uploads\/2014\/10\/erlarick-198x300.jpg\" alt=\"\" width=\"198\" height=\"300\" srcset=\"http:\/\/www.valkoinenkreivitar.fi\/content\/wp-content\/uploads\/2014\/10\/erlarick-198x300.jpg 198w, http:\/\/www.valkoinenkreivitar.fi\/content\/wp-content\/uploads\/2014\/10\/erlarick-450x681.jpg 450w, http:\/\/www.valkoinenkreivitar.fi\/content\/wp-content\/uploads\/2014\/10\/erlarick.jpg 467w\" sizes=\"auto, (max-width: 198px) 100vw, 198px\" \/><\/a><figcaption id=\"caption-attachment-1402\" class=\"wp-caption-text\">Erla of Swedenin puku, musta tai tummansininen.<\/figcaption><\/figure>\n","protected":false},"excerpt":{"rendered":"<p>P\u00e4iv\u00e4- ja iltajuhliin Miehille ja pojille tarjoamme tyylikk\u00e4\u00e4t vuokra-asut. Aikuisten vuokrattavaan valikoimaan kuuluu frakki, saketti, smokki musta tai tummansininen tai tumma puku mustana\/harmaana\/tumman sinisen\u00e4 lis\u00e4varusteineen. Yhdistelem\u00e4ll\u00e4 liivej\u00e4, solmukkeita ja pukuja saat omann\u00e4k\u00f6isen kokonaisuuden. Varaa sovitusaika t\u00e4st\u00e4! Vuokrahinnat Frakkipaketti 169 eur kokoja 44-62 Shakettipaketti 179 eur kokoja 48-62 Smokkipaketti musta 159 eur 48-62 Smokkipaketti tummansininen 175 eur koot 48-56 Smokkipaketti tummanvihre\u00e4 175 eur koot 48-56 Tumma pukupaketti musta 120 eur koot 44-70 tummansininen pukupaketti 120 eur koot 46-64 Harmaa puku tumma\/keskiharmaa 139 eur Vaaleanvihre\u00e4 puku liivill\u00e4 199 eur koot 48-56 Lakeerikeng\u00e4t 30 eur kokoja 40-47 Nahkakeng\u00e4t 20 eur kokoja 40-47 Erikoiskeng\u00e4t 30 eur kokoja 41-45 Liivi+solmuke 45 eur Paita valkoinen kauluspaita, smokin paita tai frakin paita 30 eur Takki+housut (musta\/tummansininen) 80 eur Hattu+keppi 35 eur Pikkupojat ja nuorisokoot Lasten haalaripuku 40 eur Lasten musta puku valkoisella paidalla 55 eur Lasten musta puku liivill\u00e4+paidalla 65 eur Pikkufrakki 5 osaa 70 eur Kokoja 56-170cm v\u00e4lilt\u00e4. Kenki\u00e4 ei l\u00f6ydy lasten koossa. Wanhojentanssipukujen varaukset kev\u00e4\u00e4lle 2027 aloitetaan syyskuussa. Pakettihinnat sis\u00e4lt\u00e4v\u00e4t yleisimm\u00e4t muutosty\u00f6t, lahkeet, housun vy\u00f6t\u00e4r\u00f6n ja takin hihojen muutokset. Muut muokkaukset erikseen. Pakettiin kuuluu housut, takki, paita, solmuke, kalvosinnapit, henkselit, taskuliina. Keng\u00e4t tulevat erikseen. Saman viikon aikana vuokrattaviin pukuihin lis\u00e4t\u00e4\u00e4n 30 eur kiirelis\u00e4. Mahdollista on my\u00f6s vuokrata vain osa tuotteista. Miten vuokraaminen toimii? Vuokraamista varten on k\u00e4yt\u00e4v\u00e4 sovittamassa puku etuk\u00e4teen. Joskus se on pitk\u00e4matkalaiselle mahdotonta, niin joidenkin pukukokojen ja mittojen l\u00e4hett\u00e4minen auttaa meit\u00e4 katsomaan valmiiksi sopivia vaatteita, mutta niiden istuvuudesta emme pysty antamaan takeita n\u00e4kem\u00e4tt\u00e4. Kun mieleinen puku on l\u00f6ytynyt, laitamme sen varaukseen. Puvun voi normaalisti noutaa torstaina ja palautus tiistaisin, toki n\u00e4ist\u00e4 voidaan erikseen sopia. Noudon yhteydess\u00e4 puku viel\u00e4 sovitetaan ja katsotaan yhdess\u00e4. Vuokras\u00e4\u00e4nn\u00f6t -Pukua varattaessa sovitaan vuokra-aika, joka useinmiten on viikonlopun yli. My\u00f6h\u00e4styneist\u00e4 palautuksista perit\u00e4\u00e4n maksu lis\u00e4p\u00e4ivilt\u00e4 sek\u00e4 aiheutuneet kulut, kuten kiireell\u00e4 tehdyt pesut ja toiselle asiakkaalle aiheutuneet kustannukset, mik\u00e4li h\u00e4n ei ole voinut saada pukua ajoissa. Vuokraaja vastaa tuotteista niiden t\u00e4ydest\u00e4 arvosta, kunnes ne on palautettu. -Pukua ei tarvitse huoltaa eik\u00e4 pest\u00e4 ennen palauttamista. Vuokrahintaan sis\u00e4ltyy yksi pesukerta. Tahranpoistosta veloitetaan erikseen. Tuotteiden muuntelu ja itse peseminen on kielletty, ellei asiasta sovita. Normaali likaantuminen k\u00e4sitt\u00e4\u00e4 useimmat ruokatahrat ja tavallisen lian. Vaikeasti poistettavista tahroista (kuten liima, maalit )perit\u00e4\u00e4n lis\u00e4kulut, kokonaan l\u00e4htem\u00e4tt\u00f6m\u00e4t tahrat katsotaan tuotteen pilanneiksi ja t\u00e4ll\u00f6in asiakas on velvollinen korvaamaan tuotteen. Tupakan, kipin\u00f6iden, kaatumisten ja kukkavieheiden aiheuttamat rei\u00e4t katsotaan tuotteen\u00a0pilanneiksi. K\u00e4yt\u00e4 ainoastaan ohutta neulaa tai magneettia kukissa. -Kaikki vaatteet, lis\u00e4tarvikkeet, pakkaukset sek\u00e4 henkari palautetaan. Perimme maksun kadonneista kalvosimista ja napeista. -Vuokraa noudettaessa tuotteet on EHDOTTOMASTI sovitettava. Mik\u00e4li sit\u00e4 ei soviteta, vuokraaja ottaa vastuun tuotteiden oikeellisuudesta. Paketin tarkistus tehd\u00e4\u00e4n molempien osapuolten toimesta. Mik\u00e4li pukeutuminen tuottaa vaikeuksia, pyyd\u00e4 apua henkil\u00f6kunnaltamme. Olemme aina valmiit auttamaan ja neuvomaaan. -Vuokravarauksesta perimme 50 euron maksun, jota ei palauteta vuokran peruuntuessa ja joka v\u00e4hennet\u00e4\u00e4n koko vuokrauksen hinnasta puvun noudon yhteydess\u00e4. Vuokraamolla on oikeus pid\u00e4tt\u00e4\u00e4 varausmaksu kulujensa korvauksena. -Vuokraamo sitoutuu luovuttamaan varatut tuotteet sovitunlaisina ja sovittuna ajankohtana. Mik\u00e4li t\u00e4m\u00e4 velvollisuus ei t\u00e4yty, asiakkaalla on oikeus vaatia korvausta joka on enint\u00e4\u00e4n sovittu vuokrahinta. -Vuokraamolla on oikeus pyyt\u00e4\u00e4 henkil\u00f6- ja yhteystiedot. N\u00e4m\u00e4 h\u00e4vitet\u00e4\u00e4n vuokran palautuksen j\u00e4lkeen, ellei erikseen sovita niiden s\u00e4ilytt\u00e4misest\u00e4, esimerkiksi vakioasiakkaille. Ajanvarausj\u00e4rjestelm\u00e4 tallentaa yhteystiedot ja ne voi pyyt\u00e4\u00e4 poistettavaksi. Tietoja ei milloinkaan luovuteta muille eik\u00e4 k\u00e4ytet\u00e4 muuhun kuin vuokraamiseen liittyv\u00e4\u00e4n yhteydenpitoon. Muista my\u00f6s tilausmallisto, jos haluat tyylikk\u00e4\u00e4n puvun omaksi! Pukujen ostohintoja: Tumma puku alkaen 230 eur Frakki alkaen 539 eur Smokki alkaen 359 eur Shaketti alkaen 649 eur Frakkipaita alkaen 109 eur Frakkiliivi alkaen 109 eur Rusetit alkaen 24 eur Taskuliina 7 eur Frakkihanskat 24 eur Kauluspaita manseteilla ja piilonapeilla 89 eur Smokkipaita alkaen 89 eur Lakeerikeng\u00e4t 149 eur Juhlakeng\u00e4t 139 eur Hinnat riippuvat kankaasta, koosta ja merkist\u00e4. Hintoihin ei kuulu korjausty\u00f6t.<\/p>\n","protected":false},"author":1,"featured_media":1368,"parent":0,"menu_order":2,"comment_status":"closed","ping_status":"open","template":"","meta":{"footnotes":""},"class_list":["post-836","page","type-page","status-publish","has-post-thumbnail","hentry"],"_links":{"self":[{"href":"http:\/\/www.valkoinenkreivitar.fi\/content\/index.php?rest_route=\/wp\/v2\/pages\/836","targetHints":{"allow":["GET"]}}],"collection":[{"href":"http:\/\/www.valkoinenkreivitar.fi\/content\/index.php?rest_route=\/wp\/v2\/pages"}],"about":[{"href":"http:\/\/www.valkoinenkreivitar.fi\/content\/index.php?rest_route=\/wp\/v2\/types\/page"}],"author":[{"embeddable":true,"href":"http:\/\/www.valkoinenkreivitar.fi\/content\/index.php?rest_route=\/wp\/v2\/users\/1"}],"replies":[{"embeddable":true,"href":"http:\/\/www.valkoinenkreivitar.fi\/content\/index.php?rest_route=%2Fwp%2Fv2%2Fcomments&post=836"}],"version-history":[{"count":68,"href":"http:\/\/www.valkoinenkreivitar.fi\/content\/index.php?rest_route=\/wp\/v2\/pages\/836\/revisions"}],"predecessor-version":[{"id":2786,"href":"http:\/\/www.valkoinenkreivitar.fi\/content\/index.php?rest_route=\/wp\/v2\/pages\/836\/revisions\/2786"}],"wp:featuredmedia":[{"embeddable":true,"href":"http:\/\/www.valkoinenkreivitar.fi\/content\/index.php?rest_route=\/wp\/v2\/media\/1368"}],"wp:attachment":[{"href":"http:\/\/www.valkoinenkreivitar.fi\/content\/index.php?rest_route=%2Fwp%2Fv2%2Fmedia&parent=836"}],"curies":[{"name":"wp","href":"https:\/\/api.w.org\/{rel}","templated":true}]}}