{"id":834,"date":"2014-10-11T10:05:53","date_gmt":"2014-10-11T10:05:53","guid":{"rendered":"http:\/\/www.valkoinenkreivitar.fi\/content\/?page_id=834"},"modified":"2026-02-26T19:06:29","modified_gmt":"2026-02-26T17:06:29","slug":"iltapuvut-ja-juhlapuvut","status":"publish","type":"page","link":"http:\/\/www.valkoinenkreivitar.fi\/content\/?page_id=834","title":{"rendered":"Iltapuvut ja juhlapuvut"},"content":{"rendered":"<p><strong>Myymme nykyisen varaston iltapukuja pois niin kauan kuin tavaraa riitt\u00e4\u00e4! Kaikki v\u00e4hint\u00e4\u00e4n -50% hinnasta.<\/strong><\/p>\n<p>Meill\u00e4 on laaja valikoima erilaisia pitki\u00e4 iltapukuja, tanssiaismekkoja ja kaasonmekkoja.<\/p>\n<p>Ompelimomme voi tehd\u00e4 tilattuihin pukuihin tarvittavat sovitusmuutokset ja korjaukset. Palvelumme on laadukas ja kohtuuhintainen ja varmistaa, ett\u00e4 pukusi istuu kunnolla ja on miellytt\u00e4v\u00e4 p\u00e4\u00e4ll\u00e4.<\/p>\n<p>T\u00e4ll\u00e4 hetkell\u00e4 meill\u00e4 ei ole juhlapukuja vuokrattavaksi.<\/p>\n<figure id=\"attachment_1013\" aria-describedby=\"caption-attachment-1013\" style=\"width: 199px\" class=\"wp-caption alignleft\"><a href=\"http:\/\/www.valkoinenkreivitar.fi\/content\/wp-content\/uploads\/2014\/10\/0326o.jpg\"><img loading=\"lazy\" decoding=\"async\" class=\"wp-image-1013 size-medium\" src=\"http:\/\/www.valkoinenkreivitar.fi\/content\/wp-content\/uploads\/2014\/10\/0326o-199x300.jpg\" alt=\"Party Line. Kuva Oscar Lindell\" width=\"199\" height=\"300\" srcset=\"http:\/\/www.valkoinenkreivitar.fi\/content\/wp-content\/uploads\/2014\/10\/0326o-199x300.jpg 199w, http:\/\/www.valkoinenkreivitar.fi\/content\/wp-content\/uploads\/2014\/10\/0326o-scaled-450x679.jpg 450w, http:\/\/www.valkoinenkreivitar.fi\/content\/wp-content\/uploads\/2014\/10\/0326o-678x1024.jpg 678w, http:\/\/www.valkoinenkreivitar.fi\/content\/wp-content\/uploads\/2014\/10\/0326o-616x930.jpg 616w, http:\/\/www.valkoinenkreivitar.fi\/content\/wp-content\/uploads\/2014\/10\/0326o-scaled-600x906.jpg 600w, http:\/\/www.valkoinenkreivitar.fi\/content\/wp-content\/uploads\/2014\/10\/0326o-scaled.jpg 1696w\" sizes=\"auto, (max-width: 199px) 100vw, 199px\" \/><\/a><figcaption id=\"caption-attachment-1013\" class=\"wp-caption-text\">Party-Line. Kuva Oscar Lindell<\/figcaption><\/figure>\n<figure id=\"attachment_1362\" aria-describedby=\"caption-attachment-1362\" style=\"width: 157px\" class=\"wp-caption alignleft\"><a href=\"http:\/\/www.valkoinenkreivitar.fi\/content\/wp-content\/uploads\/2014\/10\/6.1157-party-line.jpg\"><img loading=\"lazy\" decoding=\"async\" class=\"size-medium wp-image-1362\" src=\"http:\/\/www.valkoinenkreivitar.fi\/content\/wp-content\/uploads\/2014\/10\/6.1157-party-line-157x300.jpg\" alt=\"Party-Line\" width=\"157\" height=\"300\" srcset=\"http:\/\/www.valkoinenkreivitar.fi\/content\/wp-content\/uploads\/2014\/10\/6.1157-party-line-157x300.jpg 157w, http:\/\/www.valkoinenkreivitar.fi\/content\/wp-content\/uploads\/2014\/10\/6.1157-party-line-450x857.jpg 450w, http:\/\/www.valkoinenkreivitar.fi\/content\/wp-content\/uploads\/2014\/10\/6.1157-party-line-537x1024.jpg 537w, http:\/\/www.valkoinenkreivitar.fi\/content\/wp-content\/uploads\/2014\/10\/6.1157-party-line-488x930.jpg 488w, http:\/\/www.valkoinenkreivitar.fi\/content\/wp-content\/uploads\/2014\/10\/6.1157-party-line-600x1143.jpg 600w, http:\/\/www.valkoinenkreivitar.fi\/content\/wp-content\/uploads\/2014\/10\/6.1157-party-line.jpg 950w\" sizes=\"auto, (max-width: 157px) 100vw, 157px\" \/><\/a><figcaption id=\"caption-attachment-1362\" class=\"wp-caption-text\">Party-Line<\/figcaption><\/figure>\n<figure id=\"attachment_1364\" aria-describedby=\"caption-attachment-1364\" style=\"width: 218px\" class=\"wp-caption alignleft\"><a href=\"http:\/\/www.valkoinenkreivitar.fi\/content\/wp-content\/uploads\/2014\/10\/PartyLine_H.0902_0301.jpg\"><img loading=\"lazy\" decoding=\"async\" class=\"wp-image-1364 size-medium\" src=\"http:\/\/www.valkoinenkreivitar.fi\/content\/wp-content\/uploads\/2014\/10\/PartyLine_H.0902_0301-218x300.jpg\" alt=\"PartyLine_H.0902_0301\" width=\"218\" height=\"300\" srcset=\"http:\/\/www.valkoinenkreivitar.fi\/content\/wp-content\/uploads\/2014\/10\/PartyLine_H.0902_0301-218x300.jpg 218w, http:\/\/www.valkoinenkreivitar.fi\/content\/wp-content\/uploads\/2014\/10\/PartyLine_H.0902_0301-450x620.jpg 450w, http:\/\/www.valkoinenkreivitar.fi\/content\/wp-content\/uploads\/2014\/10\/PartyLine_H.0902_0301-743x1024.jpg 743w, http:\/\/www.valkoinenkreivitar.fi\/content\/wp-content\/uploads\/2014\/10\/PartyLine_H.0902_0301-675x930.jpg 675w, http:\/\/www.valkoinenkreivitar.fi\/content\/wp-content\/uploads\/2014\/10\/PartyLine_H.0902_0301-600x827.jpg 600w, http:\/\/www.valkoinenkreivitar.fi\/content\/wp-content\/uploads\/2014\/10\/PartyLine_H.0902_0301.jpg 1080w\" sizes=\"auto, (max-width: 218px) 100vw, 218px\" \/><\/a><figcaption id=\"caption-attachment-1364\" class=\"wp-caption-text\">Party-Line<\/figcaption><\/figure>\n\n\n<p><\/p>\n","protected":false},"excerpt":{"rendered":"<p>Myymme nykyisen varaston iltapukuja pois niin kauan kuin tavaraa riitt\u00e4\u00e4! Kaikki v\u00e4hint\u00e4\u00e4n -50% hinnasta. Meill\u00e4 on laaja valikoima erilaisia pitki\u00e4 iltapukuja, tanssiaismekkoja ja kaasonmekkoja. Ompelimomme voi tehd\u00e4 tilattuihin pukuihin tarvittavat sovitusmuutokset ja korjaukset. Palvelumme on laadukas ja kohtuuhintainen ja varmistaa, ett\u00e4 pukusi istuu kunnolla ja on miellytt\u00e4v\u00e4 p\u00e4\u00e4ll\u00e4. T\u00e4ll\u00e4 hetkell\u00e4 meill\u00e4 ei ole juhlapukuja vuokrattavaksi.<\/p>\n","protected":false},"author":1,"featured_media":922,"parent":0,"menu_order":3,"comment_status":"closed","ping_status":"open","template":"","meta":{"footnotes":""},"class_list":["post-834","page","type-page","status-publish","has-post-thumbnail","hentry"],"_links":{"self":[{"href":"http:\/\/www.valkoinenkreivitar.fi\/content\/index.php?rest_route=\/wp\/v2\/pages\/834","targetHints":{"allow":["GET"]}}],"collection":[{"href":"http:\/\/www.valkoinenkreivitar.fi\/content\/index.php?rest_route=\/wp\/v2\/pages"}],"about":[{"href":"http:\/\/www.valkoinenkreivitar.fi\/content\/index.php?rest_route=\/wp\/v2\/types\/page"}],"author":[{"embeddable":true,"href":"http:\/\/www.valkoinenkreivitar.fi\/content\/index.php?rest_route=\/wp\/v2\/users\/1"}],"replies":[{"embeddable":true,"href":"http:\/\/www.valkoinenkreivitar.fi\/content\/index.php?rest_route=%2Fwp%2Fv2%2Fcomments&post=834"}],"version-history":[{"count":12,"href":"http:\/\/www.valkoinenkreivitar.fi\/content\/index.php?rest_route=\/wp\/v2\/pages\/834\/revisions"}],"predecessor-version":[{"id":2770,"href":"http:\/\/www.valkoinenkreivitar.fi\/content\/index.php?rest_route=\/wp\/v2\/pages\/834\/revisions\/2770"}],"wp:featuredmedia":[{"embeddable":true,"href":"http:\/\/www.valkoinenkreivitar.fi\/content\/index.php?rest_route=\/wp\/v2\/media\/922"}],"wp:attachment":[{"href":"http:\/\/www.valkoinenkreivitar.fi\/content\/index.php?rest_route=%2Fwp%2Fv2%2Fmedia&parent=834"}],"curies":[{"name":"wp","href":"https:\/\/api.w.org\/{rel}","templated":true}]}}