{"id":808,"date":"2014-10-11T07:57:22","date_gmt":"2014-10-11T07:57:22","guid":{"rendered":"http:\/\/www.valkoinenkreivitar.fi\/content\/?page_id=808"},"modified":"2026-02-25T13:14:58","modified_gmt":"2026-02-25T11:14:58","slug":"palvelut","status":"publish","type":"page","link":"http:\/\/www.valkoinenkreivitar.fi\/content\/?page_id=808","title":{"rendered":"Palvelut ja ompelimo"},"content":{"rendered":"\n<div class=\"wp-block-cover\" style=\"min-height:655px;aspect-ratio:unset;\"><img decoding=\"async\" class=\"wp-block-cover__image-background wp-image-2736\" alt=\"\" src=\"http:\/\/www.valkoinenkreivitar.fi\/content\/wp-content\/uploads\/2026\/02\/IMG_0814.heic\" style=\"object-position:42% 27%\" data-object-fit=\"cover\" data-object-position=\"42% 27%\"\/><span aria-hidden=\"true\" class=\"wp-block-cover__background has-background-dim\"><\/span><div class=\"wp-block-cover__inner-container is-layout-flow wp-block-cover-is-layout-flow\">\n<p class=\"has-text-align-center has-large-font-size\">Korjausompelu<\/p>\n<\/div><\/div>\n\n\n<h5><span style=\"font-size: 16px; line-height: 1.5;\">Oma ompelimomme tekee kaikkiin pukuihin tarvittavat korjausmuutokset. Voit tuoda my\u00f6s muita juhlamekkoja ja muualta ostettuja miesten pukuja korjattavaksi. Teemme my\u00f6s korjausompelua muihin vaatteisiin sesongin aikataulujen salliessa.<br \/><\/span><strong>Ajat voit varata netist\u00e4, soittamalla tai viestill\u00e4.<br \/><a href=\"https:\/\/timma.fi\/valkoinenkreivitar\" target=\"_blank\" rel=\"noopener noreferrer\">Varaa sovitusaika t\u00e4st\u00e4!<\/a><br \/><\/strong><\/h5>\n<p><strong>Peruskorjausompelun esimerkkihintoja:<\/strong><\/p>\n<p><strong>Morsiuspuvut:<\/strong><br \/>Helman lyhennykset alkaen 100 EUR (satiinikerros, vuori)<br \/>Monikerroksinen tyllihelma alkaen 150 EUR<br \/>Pussiin ommeltu helma alkaen 130 EUR<br \/>Pitsipuvun lyhennys (helman kuvion siirto) alkaen 150 EUR<br \/>Laahusnapit lyhennyksen yhteydess\u00e4 12 EUR<br \/>Pelkk\u00e4 laahuksen nosto 17 EUR\/kpl<br \/>Kokomuutokset:<br \/>Sivusaumat alkaen 60 EUR<br \/>Sivusaumat, v\u00e4h\u00e4n helmi\u00e4 tai pitsi\u00e4 alkaen 70 EUR<br \/>Rinnan muokkaus, kupit, ei koristeita alkaen 65 EUR<br \/>Sweetheartin teko tai kaula-aukon muokkaus alkaen 65 EUR<br \/>Ny\u00f6rityksen teko 140 EUR<br \/>Olkainten lyhennys alkaen 20 EUR<br \/>Olkainten lyhennys hihalla alkaen 48 EUR<br \/>Rintakuppien lis\u00e4ys 25 EUR<br \/>Luiden lis\u00e4ys 20 EUR\/pari<\/p>\n<p><strong>Juhlamekot:<\/strong><br \/>Helman lyhennykset alkaen 45 EUR, p\u00e4\u00e4llikerros ja vuori<br \/>Leikattavat kerroset 15 EUR<br \/>Vuorikerros 20 EUR<br \/>Pussiin ommeltu 48 EUR<br \/>Kavennus\/levennys sivusaumoista alkaen 33 EUR<br \/>vetoketjun vaihto alkaen 34 EUR<br \/>Olkaimen lyhennys alkaen 15 EUR<\/p>\n<p><strong>Housut:<\/strong><br \/>Lyhennys koneella: 21 EUR<br \/>Lyhennys k\u00e4sin: 24 EUR<br \/>Lyhennys\/pidennys nauhalla: 25 EUR<br \/>Lyhennys upslaaki: 27 EUR<br \/>Lyhennys vetoketjut sivuissa: alk. 32 EUR<br \/>Takasauman muutos suora housut: 24 EUR\/ farkut: 28 EUR<br \/>Vetoketjun vaihto alkaen:28 EUR<br \/>Lahkeiden kavennus kaikista saumoista 39 EUR +lyhennyksen kanssa 45 EUR<\/p>\n<p><strong>Takit: \u00a0 \u00a0 \u00a0 \u00a0 \u00a0 \u00a0 \u00a0 \u00a0 \u00a0 \u00a0 \u00a0 \u00a0 \u00a0 \u00a0 \u00a0 \u00a0 \u00a0 \u00a0 \u00a0 \u00a0 \u00a0 \u00a0 \u00a0 \u00a0 \u00a0 \u00a0 \u00a0 \u00a0 \u00a0 \u00a0 \u00a0 \u00a0 \u00a0 \u00a0 \u00a0 \u00a0 \u00a0 \u00a0 \u00a0 \u00a0 \u00a0 \u00a0 \u00a0 \u00a0 \u00a0 \u00a0 \u00a0 \u00a0 \u00a0 \u00a0 \u00a0 \u00a0 \u00a0 \u00a0 \u00a0 \u00a0 \u00a0 \u00a0 \u00a0 \u00a0 \u00a0 \u00a0 \u00a0 \u00a0 \u00a0 \u00a0 \u00a0 \u00a0 \u00a0 \u00a0 \u00a0 \u00a0 \u00a0 \u00a0 \u00a0 \u00a0 \u00a0 \u00a0 \u00a0 \u00a0 \u00a0 \u00a0 \u00a0 \u00a0 \u00a0 \u00a0 \u00a0 \u00a0 \u00a0 \u00a0 \u00a0 \u00a0 \u00a0 \u00a0 <\/strong>Vetoketjun vaihto, vuoriton alkaen 39 EUR<br \/>Vetoketjun vaihto, vuorillinen alkaen 46 EUR<br \/>Untuvatakin ketjun vaihto alkaen 48 EUR<br \/>Hihan lyhennys vuoriton alkaen 24 EUR<br \/>Hihan lyhennys vuorillinen alkaen 29 EUR<br \/>Hihan lyhennys napeilla ja halkiolla alkaen 37 EUR<br \/>Kavennus selk\u00e4saumasta alkaen 26 EUR<\/p>\n<p>Hinnat sis\u00e4lt\u00e4v\u00e4t 25,5%arvonlis\u00e4veron.<br \/>Pid\u00e4t\u00e4mme oikeuden hinnan muutoksiin.<\/p>\n<h2>Mittatilausty\u00f6t<\/h2>\n<p>Toisinaan voimme ottaa vastaan mittatilaust\u00f6it\u00e4 aikataulun salliessa. Erikoisosaamisemme on naisten juhlapuvut ja erilaiset korsetit. Kysy rohkeasti, mik\u00e4li sinulla on jonkunlainen idea mieless\u00e4!<\/p>\n<div class=\"mceTemp\">\u00a0<\/div>","protected":false},"excerpt":{"rendered":"<p>Oma ompelimomme tekee kaikkiin pukuihin tarvittavat korjausmuutokset. Voit tuoda my\u00f6s muita juhlamekkoja ja muualta ostettuja miesten pukuja korjattavaksi. Teemme my\u00f6s korjausompelua muihin vaatteisiin sesongin aikataulujen salliessa.Ajat voit varata netist\u00e4, soittamalla tai viestill\u00e4.Varaa sovitusaika t\u00e4st\u00e4! Peruskorjausompelun esimerkkihintoja: Morsiuspuvut:Helman lyhennykset alkaen 100 EUR (satiinikerros, vuori)Monikerroksinen tyllihelma alkaen 150 EURPussiin ommeltu helma alkaen 130 EURPitsipuvun lyhennys (helman kuvion siirto) alkaen 150 EURLaahusnapit lyhennyksen yhteydess\u00e4 12 EURPelkk\u00e4 laahuksen nosto 17 EUR\/kplKokomuutokset:Sivusaumat alkaen 60 EURSivusaumat, v\u00e4h\u00e4n helmi\u00e4 tai pitsi\u00e4 alkaen 70 EURRinnan muokkaus, kupit, ei koristeita alkaen 65 EURSweetheartin teko tai kaula-aukon muokkaus alkaen 65 EURNy\u00f6rityksen teko 140 EUROlkainten lyhennys alkaen 20 EUROlkainten lyhennys hihalla alkaen 48 EURRintakuppien lis\u00e4ys 25 EURLuiden lis\u00e4ys 20 EUR\/pari Juhlamekot:Helman lyhennykset alkaen 45 EUR, p\u00e4\u00e4llikerros ja vuoriLeikattavat kerroset 15 EURVuorikerros 20 EURPussiin ommeltu 48 EURKavennus\/levennys sivusaumoista alkaen 33 EURvetoketjun vaihto alkaen 34 EUROlkaimen lyhennys alkaen 15 EUR Housut:Lyhennys koneella: 21 EURLyhennys k\u00e4sin: 24 EURLyhennys\/pidennys nauhalla: 25 EURLyhennys upslaaki: 27 EURLyhennys vetoketjut sivuissa: alk. 32 EURTakasauman muutos suora housut: 24 EUR\/ farkut: 28 EURVetoketjun vaihto alkaen:28 EURLahkeiden kavennus kaikista saumoista 39 EUR +lyhennyksen kanssa 45 EUR Takit: \u00a0 \u00a0 \u00a0 \u00a0 \u00a0 \u00a0 \u00a0 \u00a0 \u00a0 \u00a0 \u00a0 \u00a0 \u00a0 \u00a0 \u00a0 \u00a0 \u00a0 \u00a0 \u00a0 \u00a0 \u00a0 \u00a0 \u00a0 \u00a0 \u00a0 \u00a0 \u00a0 \u00a0 \u00a0 \u00a0 \u00a0 \u00a0 \u00a0 \u00a0 \u00a0 \u00a0 \u00a0 \u00a0 \u00a0 \u00a0 \u00a0 \u00a0 \u00a0 \u00a0 \u00a0 \u00a0 \u00a0 \u00a0 \u00a0 \u00a0 \u00a0 \u00a0 \u00a0 \u00a0 \u00a0 \u00a0 \u00a0 \u00a0 \u00a0 \u00a0 \u00a0 \u00a0 \u00a0 \u00a0 \u00a0 \u00a0 \u00a0 \u00a0 \u00a0 \u00a0 \u00a0 \u00a0 \u00a0 \u00a0 \u00a0 \u00a0 \u00a0 \u00a0 \u00a0 \u00a0 \u00a0 \u00a0 \u00a0 \u00a0 \u00a0 \u00a0 \u00a0 \u00a0 \u00a0 \u00a0 \u00a0 \u00a0 \u00a0 \u00a0 Vetoketjun vaihto, vuoriton alkaen 39 EURVetoketjun vaihto, vuorillinen alkaen 46 EURUntuvatakin ketjun vaihto alkaen 48 EURHihan lyhennys vuoriton alkaen 24 EURHihan lyhennys vuorillinen alkaen 29 EURHihan lyhennys napeilla ja halkiolla alkaen 37 EURKavennus selk\u00e4saumasta alkaen 26 EUR Hinnat sis\u00e4lt\u00e4v\u00e4t 25,5%arvonlis\u00e4veron.Pid\u00e4t\u00e4mme oikeuden hinnan muutoksiin. Mittatilausty\u00f6t Toisinaan voimme ottaa vastaan mittatilaust\u00f6it\u00e4 aikataulun salliessa. Erikoisosaamisemme on naisten juhlapuvut ja erilaiset korsetit. Kysy rohkeasti, mik\u00e4li sinulla on jonkunlainen idea mieless\u00e4! \u00a0<\/p>\n","protected":false},"author":1,"featured_media":920,"parent":0,"menu_order":5,"comment_status":"closed","ping_status":"open","template":"","meta":{"footnotes":""},"class_list":["post-808","page","type-page","status-publish","has-post-thumbnail","hentry"],"_links":{"self":[{"href":"http:\/\/www.valkoinenkreivitar.fi\/content\/index.php?rest_route=\/wp\/v2\/pages\/808","targetHints":{"allow":["GET"]}}],"collection":[{"href":"http:\/\/www.valkoinenkreivitar.fi\/content\/index.php?rest_route=\/wp\/v2\/pages"}],"about":[{"href":"http:\/\/www.valkoinenkreivitar.fi\/content\/index.php?rest_route=\/wp\/v2\/types\/page"}],"author":[{"embeddable":true,"href":"http:\/\/www.valkoinenkreivitar.fi\/content\/index.php?rest_route=\/wp\/v2\/users\/1"}],"replies":[{"embeddable":true,"href":"http:\/\/www.valkoinenkreivitar.fi\/content\/index.php?rest_route=%2Fwp%2Fv2%2Fcomments&post=808"}],"version-history":[{"count":46,"href":"http:\/\/www.valkoinenkreivitar.fi\/content\/index.php?rest_route=\/wp\/v2\/pages\/808\/revisions"}],"predecessor-version":[{"id":2741,"href":"http:\/\/www.valkoinenkreivitar.fi\/content\/index.php?rest_route=\/wp\/v2\/pages\/808\/revisions\/2741"}],"wp:featuredmedia":[{"embeddable":true,"href":"http:\/\/www.valkoinenkreivitar.fi\/content\/index.php?rest_route=\/wp\/v2\/media\/920"}],"wp:attachment":[{"href":"http:\/\/www.valkoinenkreivitar.fi\/content\/index.php?rest_route=%2Fwp%2Fv2%2Fmedia&parent=808"}],"curies":[{"name":"wp","href":"https:\/\/api.w.org\/{rel}","templated":true}]}}